{"id":1484,"date":"2024-03-14T11:29:27","date_gmt":"2024-03-14T10:29:27","guid":{"rendered":"https:\/\/wakeupstr.lu\/bientot-disponible\/"},"modified":"2025-12-10T20:00:41","modified_gmt":"2025-12-10T19:00:41","slug":"bientot-disponible","status":"publish","type":"page","link":"https:\/\/wakeupstr.lu\/fr\/bientot-disponible\/","title":{"rendered":"Bient\u00f4t disponible"},"content":{"rendered":"<p>[et_pb_section fb_built=\u00a0\u00bb1&Prime; _builder_version=\u00a0\u00bb4.23&Prime; background_color=\u00a0\u00bb#b7ae33&Prime; global_colors_info=\u00a0\u00bb{}\u00a0\u00bb][et_pb_row _builder_version=\u00a0\u00bb4.16&Prime; background_size=\u00a0\u00bbinitial\u00a0\u00bb background_position=\u00a0\u00bbtop_left\u00a0\u00bb background_repeat=\u00a0\u00bbrepeat\u00a0\u00bb global_colors_info=\u00a0\u00bb{}\u00a0\u00bb][et_pb_column type=\u00a0\u00bb4_4&Prime; _builder_version=\u00a0\u00bb4.16&Prime; custom_padding=\u00a0\u00bb|||\u00a0\u00bb global_colors_info=\u00a0\u00bb{}\u00a0\u00bb custom_padding__hover=\u00a0\u00bb|||\u00a0\u00bb][et_pb_image src=\u00a0\u00bbhttp:\/\/wakeupstr.lu\/wp-content\/uploads\/2024\/03\/logo-white-mustard.png\u00a0\u00bb title_text=\u00a0\u00bblogo-blanc-moutarde\u00a0\u00bb align=\u00a0\u00bbcenter\u00a0\u00bb _builder_version=\u00a0\u00bb4.23&Prime; _module_preset=\u00a0\u00bbdefault\u00a0\u00bb width_tablet=\u00a0\u00bb50%\u00a0\u00bb width_phone=\u00a0\u00bb50%\u00a0\u00bb width_last_edited=\u00a0\u00bbon|phone\u00a0\u00bb global_colors_info=\u00a0\u00bb{}\u00a0\u00bb][\/et_pb_image][et_pb_countdown_timer date_time=\u00a0\u00bb2024-03-31 08:00&Prime; _builder_version=\u00a0\u00bb4.23&Prime; header_font=\u00a0\u00bbBarlow|500||on|||||\u00a0\u00bb header_font_size=\u00a0\u00bb2rem\u00a0\u00bb header_letter_spacing=\u00a0\u00bb2px\u00a0\u00bb numbers_font=\u00a0\u00bbBarlow Condensed||||||||\u00a0\u00bb numbers_font_size=\u00a0\u00bb4rem\u00a0\u00bb separator_font=\u00a0\u00bbBarlow Condensed||||||||\u00a0\u00bb label_font=\u00a0\u00bbBarlow Semi Condensed||||||||\u00a0\u00bb label_font_size=\u00a0\u00bb1rem\u00a0\u00bb background_color=\u00a0\u00bbRGBA(255,255,255,0)\u00a0\u00bb background_size=\u00a0\u00bbinitial\u00a0\u00bb background_position=\u00a0\u00bbtop_left\u00a0\u00bb background_repeat=\u00a0\u00bbrepeat\u00a0\u00bb width_tablet=\u00a0\u00bb\u00a0\u00bb width_phone=\u00a0\u00bb\u00a0\u00bb width_last_edited=\u00a0\u00bbon|phone\u00a0\u00bb numbers_font_size_tablet=\u00a0\u00bb4rem\u00a0\u00bb numbers_font_size_phone=\u00a0\u00bb2rem\u00a0\u00bb numbers_font_size_last_edited=\u00a0\u00bbon|phone\u00a0\u00bb label_font_size_tablet=\u00a0\u00bb1rem\u00a0\u00bb label_font_size_phone=\u00a0\u00bb0.75rem\u00a0\u00bb label_font_size_last_edited=\u00a0\u00bbon|phone\u00a0\u00bb global_colors_info=\u00a0\u00bb{}\u00a0\u00bb][\/et_pb_countdown_timer][\/et_pb_column][\/et_pb_row][et_pb_row _builder_version=\u00a0\u00bb4.24.2&Prime; _module_preset=\u00a0\u00bbdefault\u00a0\u00bb column_structure=\u00a0\u00bb2_5,3_5&Prime;][et_pb_column _builder_version=\u00a0\u00bb4.24.2&Prime; _module_preset=\u00a0\u00bbdefault\u00a0\u00bb type=\u00a0\u00bb2_5&Prime;][et_pb_text _builder_version=\u00a0\u00bb4.24.2&Prime; _module_preset=\u00a0\u00bbdefault\u00a0\u00bb hover_enabled=\u00a0\u00bb0&Prime; sticky_enabled=\u00a0\u00bb0&Prime; text_font=\u00a0\u00bbBarlow||||||||\u00a0\u00bb text_font_size=\u00a0\u00bb1.5rem\u00a0\u00bb text_text_color=\u00a0\u00bb#FFFFFF\u00a0\u00bb text_line_height=\u00a0\u00bb0.75rem\u00a0\u00bb header_3_font=\u00a0\u00bbBarlow|600|||||||\u00a0\u00bb header_3_font_size=\u00a0\u00bb2rem\u00a0\u00bb header_3_line_height=\u00a0\u00bb1.9em\u00a0\u00bb header_3_text_color=\u00a0\u00bb#b84221&Prime;]<\/p>\n<h3>Inscrivez-vous pour recevoir les mises \u00e0 jour<\/h3>\n<p>Vous avez une question ?<\/p>\n<p>N&rsquo;h\u00e9sitez pas \u00e0 nous contacter !<\/p>\n<p>[\/et_pb_text][\/et_pb_column][et_pb_column _builder_version=\u00a0\u00bb4.24.2&Prime; _module_preset=\u00a0\u00bbdefault\u00a0\u00bb type=\u00a0\u00bb3_5&Prime;][wpforms_selector _builder_version=\u00a0\u00bb4.24.2&Prime; _module_preset=\u00a0\u00bbdefault\u00a0\u00bb form_id=\u00a0\u00bb24&Prime; custom_css_free_form=\u00a0\u00bb#wpforms-submit-24 {||  background-color: #b84221;||  font-family: barlow-medium;||||}||||#wpforms-24-field_0-container {||  padding: 0;||  font-family: barlow-medium;||}||#wpforms-24-field_1-container {||  padding: 0;|| font-family: barlow-medium;||||}||#wpforms-24-field_2-container {||  padding: 0;||  font-family: barlow-medium;||||}\u00a0\u00bb hover_enabled=\u00a0\u00bb0&Prime; sticky_enabled=\u00a0\u00bb0&Prime;][\/wpforms_selector][\/et_pb_column][\/et_pb_row][et_pb_row _builder_version=\u00a0\u00bb4.23&Prime; background_size=\u00a0\u00bbinitial\u00a0\u00bb background_position=\u00a0\u00bbtop_left\u00a0\u00bb background_repeat=\u00a0\u00bbrepeat\u00a0\u00bb custom_padding=\u00a0\u00bb||||false|false\u00a0\u00bb global_colors_info=\u00a0\u00bb{}\u00a0\u00bb][et_pb_column type=\u00a0\u00bb4_4&Prime; _builder_version=\u00a0\u00bb4.23&Prime; custom_padding=\u00a0\u00bb||||false|false\u00a0\u00bb global_colors_info=\u00a0\u00bb{}\u00a0\u00bb custom_padding__hover=\u00a0\u00bb|||\u00a0\u00bb][et_pb_signup provider=\u00a0\u00bbmailpoet\u00a0\u00bb mailpoet_list=\u00a0\u00bbundefined|\u00a0\u00bb last_name_field=\u00a0\u00bboff\u00a0\u00bb title=\u00a0\u00bbInscrivez-vous pour recevoir les mises \u00e0 jour\u00a0\u00bb button_text=\u00a0\u00bbSoumettre\u00a0\u00bb description=\u00a0\u00bb<\/p>\n<p>Vous avez une question ou un commentaire ?<\/p>\n<p>N&apos;h\u00e9sitez pas \u00e0 nous contacter !<\/p>\n<p>\u00a0\u00bb admin_label=\u00a0\u00bbSubscribe\u00a0\u00bb _builder_version=\u00a0\u00bb4.24.2&Prime; form_field_text_color=\u00a0\u00bb#110603&Prime; header_font=\u00a0\u00bbBarlow|600|||||||\u00a0\u00bb header_font_size=\u00a0\u00bb2rem\u00a0\u00bb body_font=\u00a0\u00bbBarlow||||||||\u00a0\u00bb body_font_size=\u00a0\u00bb1rem\u00a0\u00bb result_message_font=\u00a0\u00bbBarlow||||||||\u00a0\u00bb form_field_font=\u00a0\u00bbBarlow||||||||\u00a0\u00bb background_color=\u00a0\u00bbrgba(46,109,244,0)\u00a0\u00bb custom_button=\u00a0\u00bbon\u00a0\u00bb button_text_size=\u00a0\u00bb1rem\u00a0\u00bb button_letter_spacing=\u00a0\u00bb2rem\u00a0\u00bb button_icon=\u00a0\u00bb&#x3a;||divi||400&Prime; custom_margin=\u00a0\u00bb||||false|false\u00a0\u00bb hover_enabled=\u00a0\u00bb0&Prime; header_font_size_tablet=\u00a0\u00bb1.5rem\u00a0\u00bb header_font_size_phone=\u00a0\u00bb1.4rem\u00a0\u00bb header_font_size_last_edited=\u00a0\u00bbon|tablet\u00a0\u00bb header_line_height_tablet=\u00a0\u00bb1.9em\u00a0\u00bb header_line_height_phone=\u00a0\u00bb1.7em\u00a0\u00bb header_line_height_last_edited=\u00a0\u00bbon|phone\u00a0\u00bb button_letter_spacing_tablet=\u00a0\u00bb1.5rem\u00a0\u00bb button_letter_spacing_phone=\u00a0\u00bb1.5rem\u00a0\u00bb button_letter_spacing_last_edited=\u00a0\u00bbon|phone\u00a0\u00bb global_colors_info=\u00a0\u00bb{}\u00a0\u00bb button_text_size__hover_enabled=\u00a0\u00bboff\u00a0\u00bb button_one_text_size__hover_enabled=\u00a0\u00bboff\u00a0\u00bb button_two_text_size__hover_enabled=\u00a0\u00bboff\u00a0\u00bb button_text_color__hover_enabled=\u00a0\u00bboff\u00a0\u00bb button_one_text_color__hover_enabled=\u00a0\u00bboff\u00a0\u00bb button_two_text_color__hover_enabled=\u00a0\u00bboff\u00a0\u00bb button_border_width__hover_enabled=\u00a0\u00bboff\u00a0\u00bb button_one_border_width__hover_enabled=\u00a0\u00bboff\u00a0\u00bb button_two_border_width__hover_enabled=\u00a0\u00bboff\u00a0\u00bb button_border_color__hover_enabled=\u00a0\u00bboff\u00a0\u00bb button_one_border_color__hover_enabled=\u00a0\u00bboff\u00a0\u00bb button_two_border_color__hover_enabled=\u00a0\u00bboff\u00a0\u00bb button_border_radius__hover_enabled=\u00a0\u00bboff\u00a0\u00bb button_one_border_radius__hover_enabled=\u00a0\u00bboff\u00a0\u00bb button_two_border_radius__hover_enabled=\u00a0\u00bboff\u00a0\u00bb button_letter_spacing__hover_enabled=\u00a0\u00bboff\u00a0\u00bb button_one_letter_spacing__hover_enabled=\u00a0\u00bboff\u00a0\u00bb button_two_letter_spacing__hover_enabled=\u00a0\u00bboff\u00a0\u00bb button_bg_color__hover_enabled=\u00a0\u00bboff\u00a0\u00bb button_one_bg_color__hover_enabled=\u00a0\u00bboff\u00a0\u00bb button_two_bg_color__hover_enabled=\u00a0\u00bboff\u00a0\u00bb disabled_on=\u00a0\u00bbon|on|on\u00a0\u00bb disabled=\u00a0\u00bbon\u00a0\u00bb sticky_enabled=\u00a0\u00bb0&Prime;][\/et_pb_signup][\/et_pb_column][\/et_pb_row][\/et_pb_section]<\/p>\n","protected":false},"excerpt":{"rendered":"<p>Inscrivez-vous pour recevoir les mises \u00e0 jour Vous avez une question ? N&rsquo;h\u00e9sitez pas \u00e0 nous contacter ![wpforms_selector _builder_version=\u00a0\u00bb4.24.2&Prime; _module_preset=\u00a0\u00bbdefault\u00a0\u00bb form_id=\u00a0\u00bb24&Prime; custom_css_free_form=\u00a0\u00bb#wpforms-submit-24 {|| background-color: #b84221;|| font-family: barlow-medium;||||}||||#wpforms-24-field_0-container {|| padding: 0;|| font-family: barlow-medium;||}||#wpforms-24-field_1-container {|| padding: 0;|| font-family: barlow-medium;||||}||#wpforms-24-field_2-container {|| padding: 0;|| font-family: barlow-medium;||||}\u00a0\u00bb hover_enabled=\u00a0\u00bb0&Prime; sticky_enabled=\u00a0\u00bb0&Prime;][\/wpforms_selector]<\/p>\n","protected":false},"author":3,"featured_media":0,"parent":0,"menu_order":0,"comment_status":"closed","ping_status":"closed","template":"page-template-blank.php","meta":{"_et_pb_use_builder":"on","_et_pb_old_content":"","_et_gb_content_width":"","footnotes":""},"class_list":["post-1484","page","type-page","status-publish","hentry"],"_links":{"self":[{"href":"https:\/\/wakeupstr.lu\/fr\/wp-json\/wp\/v2\/pages\/1484","targetHints":{"allow":["GET"]}}],"collection":[{"href":"https:\/\/wakeupstr.lu\/fr\/wp-json\/wp\/v2\/pages"}],"about":[{"href":"https:\/\/wakeupstr.lu\/fr\/wp-json\/wp\/v2\/types\/page"}],"author":[{"embeddable":true,"href":"https:\/\/wakeupstr.lu\/fr\/wp-json\/wp\/v2\/users\/3"}],"replies":[{"embeddable":true,"href":"https:\/\/wakeupstr.lu\/fr\/wp-json\/wp\/v2\/comments?post=1484"}],"version-history":[{"count":35,"href":"https:\/\/wakeupstr.lu\/fr\/wp-json\/wp\/v2\/pages\/1484\/revisions"}],"predecessor-version":[{"id":2764,"href":"https:\/\/wakeupstr.lu\/fr\/wp-json\/wp\/v2\/pages\/1484\/revisions\/2764"}],"wp:attachment":[{"href":"https:\/\/wakeupstr.lu\/fr\/wp-json\/wp\/v2\/media?parent=1484"}],"curies":[{"name":"wp","href":"https:\/\/api.w.org\/{rel}","templated":true}]}}