{"id":1444,"date":"2025-05-30T10:47:11","date_gmt":"2025-05-30T09:47:11","guid":{"rendered":"https:\/\/wakeupstr.lu\/politique-dannulation\/"},"modified":"2026-03-02T06:01:59","modified_gmt":"2026-03-02T05:01:59","slug":"politique-dannulation","status":"publish","type":"page","link":"https:\/\/wakeupstr.lu\/fr\/politique-dannulation\/","title":{"rendered":"Politique d&rsquo;annulation"},"content":{"rendered":"<p>[et_pb_section fb_built=\u00a0\u00bb1&Prime; admin_label=\u00a0\u00bbHERO \u00a0\u00bb _builder_version=\u00a0\u00bb4.27.4&Prime; use_background_color_gradient=\u00a0\u00bbon\u00a0\u00bb background_color_gradient_type=\u00a0\u00bbcircular\u00a0\u00bb background_color_gradient_direction_radial=\u00a0\u00bbtop left\u00a0\u00bb background_color_gradient_stops=\u00a0\u00bb#fbfaef 0%|rgba(255,255,255,0) 100%\u00a0\u00bb background_color_gradient_overlays_image=\u00a0\u00bbon\u00a0\u00bb background_color_gradient_start=\u00a0\u00bbrgba(255,255,255,0.89)\u00a0\u00bb background_color_gradient_start_position=\u00a0\u00bb30%\u00a0\u00bb background_color_gradient_end=\u00a0\u00bbrgba(255,255,255,0)\u00a0\u00bb background_color_gradient_end_position=\u00a0\u00bb80%\u00a0\u00bb background_image=\u00a0\u00bbhttp:\/\/wakeupstr.lu\/wp-content\/uploads\/2025\/05\/photo-wakeupshortrentals-houserules.jpg\u00a0\u00bb parallax=\u00a0\u00bbon\u00a0\u00bb custom_margin=\u00a0\u00bb|||\u00a0\u00bb custom_padding=\u00a0\u00bb8vw||8vw||true\u00a0\u00bb bottom_divider_style=\u00a0\u00bbslant2&Prime; bottom_divider_color=\u00a0\u00bb#FFFFFF\u00a0\u00bb bottom_divider_height=\u00a0\u00bb117px\u00a0\u00bb bottom_divider_repeat=\u00a0\u00bb1x\u00a0\u00bb bottom_divider_flip=\u00a0\u00bbhorizontal\u00a0\u00bb locked=\u00a0\u00bboff\u00a0\u00bb collapsed=\u00a0\u00bboff\u00a0\u00bb global_colors_info=\u00a0\u00bb{}\u00a0\u00bb][et_pb_row _builder_version=\u00a0\u00bb4.23.1&Prime; max_width=\u00a0\u00bb890px\u00a0\u00bb global_colors_info=\u00a0\u00bb{}\u00a0\u00bb][et_pb_column type=\u00a0\u00bb4_4&Prime; _builder_version=\u00a0\u00bb4.16&Prime; custom_padding=\u00a0\u00bb|||\u00a0\u00bb global_colors_info=\u00a0\u00bb{}\u00a0\u00bb custom_padding__hover=\u00a0\u00bb|||\u00a0\u00bb][et_pb_text _builder_version=\u00a0\u00bb4.27.4&Prime; text_font=\u00a0\u00bb||||||||\u00a0\u00bb text_text_color=\u00a0\u00bb#110603&Prime; header_font=\u00a0\u00bbBarlow|800|||||||\u00a0\u00bb header_text_align=\u00a0\u00bbleft\u00a0\u00bb header_text_color=\u00a0\u00bb#110603&Prime; header_font_size=\u00a0\u00bb56px\u00a0\u00bb header_line_height=\u00a0\u00bb1.4em\u00a0\u00bb header_2_font=\u00a0\u00bbBarlow|700|||||||\u00a0\u00bb header_2_text_align=\u00a0\u00bbleft\u00a0\u00bb header_2_text_color=\u00a0\u00bb#110603&Prime; header_2_font_size=\u00a0\u00bb48px\u00a0\u00bb header_2_line_height=\u00a0\u00bb1.3em\u00a0\u00bb header_3_font=\u00a0\u00bbBarlow|700|||||||\u00a0\u00bb header_3_text_align=\u00a0\u00bbleft\u00a0\u00bb header_3_text_color=\u00a0\u00bb#110603&Prime; header_3_font_size=\u00a0\u00bb34px\u00a0\u00bb header_3_line_height=\u00a0\u00bb1.3em\u00a0\u00bb header_4_font=\u00a0\u00bbBarlow|700||on|||||\u00a0\u00bb header_4_text_align=\u00a0\u00bbleft\u00a0\u00bb header_4_text_color=\u00a0\u00bb#B7AE33&Prime; header_4_font_size=\u00a0\u00bb1em\u00a0\u00bb header_4_letter_spacing=\u00a0\u00bb8px\u00a0\u00bb header_4_line_height=\u00a0\u00bb1.4em\u00a0\u00bb animation_style=\u00a0\u00bbzoom\u00a0\u00bb animation_intensity_zoom=\u00a0\u00bb5%\u00a0\u00bb global_colors_info=\u00a0\u00bb{}\u00a0\u00bb]<\/p>\n<h4 style=\"text-align: left\">wake up short term rentals<\/h4>\n<h1>Politique d&rsquo;annulation  <\/h1>\n<p>[\/et_pb_text][\/et_pb_column][\/et_pb_row][\/et_pb_section][et_pb_section fb_built=\u00a0\u00bb1&Prime; admin_label=\u00a0\u00bbHeader\u00a0\u00bb _builder_version=\u00a0\u00bb4.17.6&Prime; _module_preset=\u00a0\u00bbdefault\u00a0\u00bb collapsed=\u00a0\u00bbon\u00a0\u00bb global_colors_info=\u00a0\u00bb{}\u00a0\u00bb][et_pb_row _builder_version=\u00a0\u00bb4.17.6&Prime; _module_preset=\u00a0\u00bbdefault\u00a0\u00bb max_width=\u00a0\u00bb890px\u00a0\u00bb global_colors_info=\u00a0\u00bb{}\u00a0\u00bb][et_pb_column type=\u00a0\u00bb4_4&Prime; _builder_version=\u00a0\u00bb4.17.6&Prime; _module_preset=\u00a0\u00bbdefault\u00a0\u00bb global_colors_info=\u00a0\u00bb{}\u00a0\u00bb][et_pb_text _builder_version=\u00a0\u00bb4.27.4&Prime; _module_preset=\u00a0\u00bb1f09816e-184e-4ce5-a4cf-b39c52c423ca\u00a0\u00bb text_font=\u00a0\u00bb||||||||\u00a0\u00bb text_text_color=\u00a0\u00bb#110603&Prime; text_font_size=\u00a0\u00bb1em\u00a0\u00bb link_text_color=\u00a0\u00bb#B7AE33&Prime; ol_font=\u00a0\u00bb&#8211;et_global_body_font|&#8211;et_global_body_font_weight|||||||\u00a0\u00bb ol_text_color=\u00a0\u00bb#110603&Prime; header_4_font=\u00a0\u00bb|700|||||||\u00a0\u00bb header_4_text_color=\u00a0\u00bb#B7AE33&Prime; header_4_font_size=\u00a0\u00bb2rem\u00a0\u00bb header_5_text_color=\u00a0\u00bb#B7AE33&Prime; hover_enabled=\u00a0\u00bb0&Prime; text_font_size_last_edited=\u00a0\u00bboff|desktop\u00a0\u00bb header_font_size_tablet=\u00a0\u00bb55px\u00a0\u00bb header_font_size_last_edited=\u00a0\u00bboff|desktop\u00a0\u00bb text_orientation_last_edited=\u00a0\u00bboff|phone\u00a0\u00bb global_colors_info=\u00a0\u00bb{}\u00a0\u00bb link_text_color__hover_enabled=\u00a0\u00bbon|hover\u00a0\u00bb link_text_color__hover=\u00a0\u00bb#B84221&Prime; sticky_enabled=\u00a0\u00bb0&Prime;]<\/p>\n<h4 data-start=\"413\" data-end=\"463\"><strong data-start=\"418\" data-end=\"463\">1. Exigences en mati\u00e8re d&rsquo;identification (obligatoire)<\/strong><\/h4>\n<p data-start=\"464\" data-end=\"699\">Afin de respecter la l\u00e9gislation luxembourgeoise et de garantir le bon d\u00e9roulement des proc\u00e9dures d&rsquo;enregistrement, <strong data-start=\"550\" data-end=\"613\">tous les clients sont tenus de pr\u00e9senter une pi\u00e8ce d&rsquo;identit\u00e9 valide<\/strong> (passeport ou carte d&rsquo;identit\u00e9 nationale) <strong data-start=\"645\" data-end=\"696\">via notre module d&rsquo;enregistrement s\u00e9curis\u00e9 avant leur arriv\u00e9e.<\/strong><\/p>\n<ul data-start=\"700\" data-end=\"906\">\n<li data-start=\"700\" data-end=\"838\">\n<p data-start=\"702\" data-end=\"838\"><strong data-start=\"702\" data-end=\"836\">Si vous ne fournissez pas une pi\u00e8ce d&rsquo;identit\u00e9 valide avant l&rsquo;enregistrement, la r\u00e9servation sera automatiquement annul\u00e9e sans aucun remboursement.<\/strong><\/p>\n<\/li>\n<li data-start=\"839\" data-end=\"906\">\n<p data-start=\"841\" data-end=\"906\">Cette mesure est essentielle pour la s\u00e9curit\u00e9 et la conformit\u00e9 r\u00e9glementaire.<\/p>\n<\/li>\n<\/ul>\n<h4 class=\"p1\"><span class=\"s1\">2. R\u00e9servations au tarif normal<\/span><\/h4>\n<ul>\n<li><strong>Annulation gratuite :<\/strong> Les clients peuvent annuler leur r\u00e9servation sans frais jusqu&rsquo;\u00e0 <strong>15 jours avant la date d&rsquo;arriv\u00e9e pr\u00e9vue (15h00 heure locale).<\/strong><\/li>\n<li><strong>Annulation tardive :<\/strong> En cas d&rsquo;annulation <strong>moins de 15 jours avant l&rsquo;arriv\u00e9e,<\/strong> <strong>50 % du montant total de la r\u00e9servation seront factur\u00e9s.<\/strong><\/li>\n<li><strong>Annulation tardive \/ non-pr\u00e9sentation :<\/strong> En cas d&rsquo;annulation <strong>moins de 7 jours avant l&rsquo;arriv\u00e9e<\/strong> ou de non-pr\u00e9sentation, l&rsquo;h\u00f4tel <strong>pr\u00e9l\u00e8ve, sur la carte de cr\u00e9dit fournie, 100 % du montant total de la r\u00e9servation.<\/strong><\/li>\n<li><strong>Modifications :<\/strong> Les modifications de la r\u00e9servation (telles que les changements de date) sont soumises \u00e0 disponibilit\u00e9 et doivent \u00eatre demand\u00e9es au moins 7 jours \u00e0 l&rsquo;avance.<\/li>\n<\/ul>\n<h4 class=\"p1\"><span class=\"s1\">3. R\u00e9servation de tarifs non remboursables<\/span><\/h4>\n<ul>\n<li>Pour les r\u00e9servations effectu\u00e9es dans le cadre d&rsquo;un tarif non remboursable, <strong>aucune annulation ou remboursement n&rsquo;est autoris\u00e9<\/strong>, quelle qu&rsquo;en soit la raison. Le paiement int\u00e9gral est d\u00fb au moment de la r\u00e9servation. <\/li>\n<\/ul>\n<h4 class=\"p1\"><span class=\"s1\">4. R\u00e9servations de long s\u00e9jour (10 nuits ou plus)<\/span><\/h4>\n<ul>\n<li>L \u00ab <strong>annulation gratuite<\/strong> est possible jusqu \u00bb \u00e0 <strong>14 jours avant la date d&rsquo;arriv\u00e9e pr\u00e9vue<\/strong>.<\/li>\n<li>En cas d&rsquo;annulation dans les 14 jours pr\u00e9c\u00e9dant l&rsquo;enregistrement, l&rsquo;h\u00f4tel pr\u00e9l\u00e8ve <strong>50% du montant total de la r\u00e9servation<\/strong>.<\/li>\n<li><strong>En cas de non-pr\u00e9sentation<\/strong>, le <strong>montant total<\/strong> sera factur\u00e9.<\/li>\n<\/ul>\n<h4 class=\"p1\"><span class=\"s1\">5. D\u00e9part anticip\u00e9<\/span><\/h4>\n<ul>\n<li>Aucun remboursement n&rsquo;est pr\u00e9vu en cas de d\u00e9part anticip\u00e9 apr\u00e8s le d\u00e9but du s\u00e9jour.<\/li>\n<\/ul>\n<h4 class=\"p1\"><span class=\"s1\">6. Force Majeure<\/span><\/h4>\n<ul>\n<li>En cas de circonstances impr\u00e9vues ind\u00e9pendantes de la volont\u00e9 de l&rsquo;h\u00f4te (restrictions gouvernementales, catastrophes naturelles ou urgences m\u00e9dicales graves), nous \u00e9valuons chaque cas individuellement. Des documents officiels doivent \u00eatre fournis et toute exception reste \u00e0 la discr\u00e9tion de la direction. <\/li>\n<\/ul>\n<h4 class=\"p1\"><span class=\"s1\">7. R\u00e9servations de groupe (3 unit\u00e9s ou plus)<\/span><\/h4>\n<ul>\n<li>Un <strong>pr\u00e9avis de 30 jours<\/strong> est requis pour les r\u00e9servations de groupe.<\/li>\n<li>Les annulations effectu\u00e9es dans les 30 jours seront factur\u00e9es \u00e0 <strong>50 %<\/strong>, et dans les 14 jours, \u00e0 <strong>100 %<\/strong> de la valeur totale de la r\u00e9servation.<\/li>\n<\/ul>\n<h4 class=\"p1\"><span class=\"s1\">8. Comment annuler ou modifier<\/span><\/h4>\n<ul>\n<li class=\"p2\">Toute annulation ou modification doit \u00eatre demand\u00e9e <strong>par \u00e9crit<\/strong>, par courriel \u00e0 l&rsquo;adresse reception@wakeupstr.lu ou par l&rsquo;interm\u00e9diaire de la plateforme utilis\u00e9e pour r\u00e9server le s\u00e9jour (par exemple, Booking.com, Airbnb, site web direct).<\/li>\n<li class=\"p2\">La date d&rsquo;effet de la r\u00e9siliation est la date \u00e0 laquelle nous recevons la notification \u00e9crite<\/li>\n<\/ul>\n<ul><\/ul>\n<p>[\/et_pb_text][\/et_pb_column][\/et_pb_row][\/et_pb_section][et_pb_section fb_built=\u00a0\u00bb1&Prime; admin_label=\u00a0\u00bbTestimonials\u00a0\u00bb _builder_version=\u00a0\u00bb4.23.1&Prime; _module_preset=\u00a0\u00bbdefault\u00a0\u00bb background_color=\u00a0\u00bb#B7AE33&Prime; animation_style=\u00a0\u00bbslide\u00a0\u00bb animation_direction=\u00a0\u00bbbottom\u00a0\u00bb animation_delay=\u00a0\u00bb100ms\u00a0\u00bb locked=\u00a0\u00bboff\u00a0\u00bb collapsed=\u00a0\u00bbon\u00a0\u00bb global_colors_info=\u00a0\u00bb{}\u00a0\u00bb][et_pb_row _builder_version=\u00a0\u00bb4.23.1&Prime; _module_preset=\u00a0\u00bbdefault\u00a0\u00bb max_width=\u00a0\u00bb100%\u00a0\u00bb global_colors_info=\u00a0\u00bb{}\u00a0\u00bb][et_pb_column type=\u00a0\u00bb4_4&Prime; _builder_version=\u00a0\u00bb4.17.6&Prime; _module_preset=\u00a0\u00bbdefault\u00a0\u00bb global_colors_info=\u00a0\u00bb{}\u00a0\u00bb][et_pb_text _builder_version=\u00a0\u00bb4.23.1&Prime; _module_preset=\u00a0\u00bbb327cbe4-b1d5-4b66-ad37-40c8f2f061ba\u00a0\u00bb header_2_font=\u00a0\u00bb|700|||||||\u00a0\u00bb header_2_text_color=\u00a0\u00bb#FBFAEF\u00a0\u00bb header_2_font_size=\u00a0\u00bb3em\u00a0\u00bb header_2_line_height=\u00a0\u00bb1.4em\u00a0\u00bb text_orientation=\u00a0\u00bbcenter\u00a0\u00bb header_2_font_size_tablet=\u00a0\u00bb32px\u00a0\u00bb header_2_font_size_phone=\u00a0\u00bb20px\u00a0\u00bb header_2_font_size_last_edited=\u00a0\u00bbon|desktop\u00a0\u00bb global_colors_info=\u00a0\u00bb{}\u00a0\u00bb]<\/p>\n<h2>Ce que disent nos clients<\/h2>\n<p>[\/et_pb_text][\/et_pb_column][\/et_pb_row][et_pb_row custom_padding_last_edited=\u00a0\u00bbon|tablet\u00a0\u00bb _builder_version=\u00a0\u00bb4.23.1&Prime; _module_preset=\u00a0\u00bbdefault\u00a0\u00bb background_color=\u00a0\u00bbRGBA(255,255,255,0)\u00a0\u00bb custom_padding_tablet=\u00a0\u00bb||0px||false|false\u00a0\u00bb custom_padding_phone=\u00a0\u00bb||0px||false|false\u00a0\u00bb global_colors_info=\u00a0\u00bb{}\u00a0\u00bb][et_pb_column type=\u00a0\u00bb4_4&Prime; _builder_version=\u00a0\u00bb4.23.1&Prime; _module_preset=\u00a0\u00bbdefault\u00a0\u00bb background_color=\u00a0\u00bbRGBA(255,255,255,0)\u00a0\u00bb custom_padding=\u00a0\u00bb30px|30px|30px|30px|true|true\u00a0\u00bb custom_padding_tablet=\u00a0\u00bb30px|30px|30px|30px|true|true\u00a0\u00bb custom_padding_phone=\u00a0\u00bb20px|20px|20px|20px|true|true\u00a0\u00bb custom_padding_last_edited=\u00a0\u00bbon|desktop\u00a0\u00bb global_colors_info=\u00a0\u00bb{}\u00a0\u00bb][et_pb_code _builder_version=\u00a0\u00bb4.23.1&Prime; _module_preset=\u00a0\u00bbdefault\u00a0\u00bb background_color=\u00a0\u00bbRGBA(255,255,255,0)\u00a0\u00bb global_colors_info=\u00a0\u00bb{}\u00a0\u00bb]<!-- [et_pb_line_break_holder] --><\/p>\n<div class=\"elfsight-app-ab55a396-b818-4bb7-bf81-e1e0ca4c497c\" data-elfsight-app-lazy=\"\"><\/div>\n<p>[\/et_pb_code][\/et_pb_column][\/et_pb_row][\/et_pb_section][et_pb_section fb_built=\u00a0\u00bb1&Prime; admin_label=\u00a0\u00bbCall to Action\u00a0\u00bb _builder_version=\u00a0\u00bb4.17.6&Prime; _module_preset=\u00a0\u00bbdefault\u00a0\u00bb collapsed=\u00a0\u00bbon\u00a0\u00bb global_colors_info=\u00a0\u00bb{}\u00a0\u00bb][et_pb_row column_structure=\u00a0\u00bb3_5,2_5&Prime; _builder_version=\u00a0\u00bb4.17.6&Prime; _module_preset=\u00a0\u00bbdefault\u00a0\u00bb global_colors_info=\u00a0\u00bb{}\u00a0\u00bb][et_pb_column type=\u00a0\u00bb3_5&Prime; _builder_version=\u00a0\u00bb4.17.6&Prime; _module_preset=\u00a0\u00bbdefault\u00a0\u00bb custom_padding=\u00a0\u00bb10%||||false|false\u00a0\u00bb custom_padding_tablet=\u00a0\u00bb0%||||false|false\u00a0\u00bb custom_padding_phone=\u00a0\u00bb0%||||false|false\u00a0\u00bb custom_padding_last_edited=\u00a0\u00bbon|tablet\u00a0\u00bb global_colors_info=\u00a0\u00bb{}\u00a0\u00bb][et_pb_text _builder_version=\u00a0\u00bb4.23.1&Prime; _module_preset=\u00a0\u00bbe6504a1b-67eb-4b3d-b023-bcab277610b6&Prime; header_4_font=\u00a0\u00bb|700||on|||||\u00a0\u00bb header_4_text_color=\u00a0\u00bb#B7AE33&Prime; header_4_font_size=\u00a0\u00bb1em\u00a0\u00bb header_4_letter_spacing=\u00a0\u00bb1em\u00a0\u00bb header_4_line_height=\u00a0\u00bb1.4em\u00a0\u00bb custom_margin=\u00a0\u00bb||0px||false|false\u00a0\u00bb animation_style=\u00a0\u00bbslide\u00a0\u00bb animation_direction=\u00a0\u00bbbottom\u00a0\u00bb animation_delay=\u00a0\u00bb100ms\u00a0\u00bb header_4_letter_spacing_tablet=\u00a0\u00bb1em\u00a0\u00bb header_4_letter_spacing_phone=\u00a0\u00bb0em\u00a0\u00bb header_4_letter_spacing_last_edited=\u00a0\u00bbon|phone\u00a0\u00bb locked=\u00a0\u00bboff\u00a0\u00bb global_colors_info=\u00a0\u00bb{}\u00a0\u00bb]<\/p>\n<h4>Prendre contact<\/h4>\n<p>[\/et_pb_text][et_pb_text _builder_version=\u00a0\u00bb4.23.1&Prime; _module_preset=\u00a0\u00bbb327cbe4-b1d5-4b66-ad37-40c8f2f061ba\u00a0\u00bb header_2_font=\u00a0\u00bb|700|||||||\u00a0\u00bb header_2_text_color=\u00a0\u00bb#110603&Prime; header_2_font_size=\u00a0\u00bb3em\u00a0\u00bb header_2_line_height=\u00a0\u00bb1.4em\u00a0\u00bb custom_margin=\u00a0\u00bb||10px||false|false\u00a0\u00bb animation_style=\u00a0\u00bbslide\u00a0\u00bb animation_direction=\u00a0\u00bbbottom\u00a0\u00bb animation_delay=\u00a0\u00bb100ms\u00a0\u00bb header_2_font_size_tablet=\u00a0\u00bb\u00a0\u00bb header_2_font_size_phone=\u00a0\u00bb1.5em\u00a0\u00bb header_2_font_size_last_edited=\u00a0\u00bbon|phone\u00a0\u00bb locked=\u00a0\u00bboff\u00a0\u00bb global_colors_info=\u00a0\u00bb{}\u00a0\u00bb link_text_color__hover_enabled=\u00a0\u00bbon|hover\u00a0\u00bb link_text_color__hover=\u00a0\u00bb#B7AE33&Prime;]<\/p>\n<h2>Appelez-nous : <a href=\"tel:0035228800240\">(+352) 28 80 02 40<\/a><\/h2>\n<p>[\/et_pb_text][et_pb_button button_url=\u00a0\u00bb@ET-DC@eyJkeW5hbWljIjp0cnVlLCJjb250ZW50IjoicG9zdF9saW5rX3VybF9wYWdlIiwic2V0dGluZ3MiOnsicG9zdF9pZCI6IjE3OCIsImVuYWJsZV9odG1sIjoib2ZmIn19@\u00a0\u00bb button_text=\u00a0\u00bbEnvoyer un message\u00a0\u00bb button_alignment=\u00a0\u00bbleft\u00a0\u00bb _builder_version=\u00a0\u00bb4.24.2&Prime; _dynamic_attributes=\u00a0\u00bbbutton_url\u00a0\u00bb _module_preset=\u00a0\u00bb31b4f027-aaa0-4f2f-ae02-959764e19e4f\u00a0\u00bb custom_button=\u00a0\u00bbon\u00a0\u00bb button_text_size=\u00a0\u00bb14px\u00a0\u00bb button_text_color=\u00a0\u00bb#FBFAEF\u00a0\u00bb button_bg_color=\u00a0\u00bb#B7AE33&Prime; button_border_width=\u00a0\u00bb0px\u00a0\u00bb button_border_color=\u00a0\u00bbRGBA(255,255,255,0)\u00a0\u00bb button_border_radius=\u00a0\u00bb0px\u00a0\u00bb button_font=\u00a0\u00bb|700||on|||||\u00a0\u00bb button_use_icon=\u00a0\u00bboff\u00a0\u00bb custom_padding=\u00a0\u00bb16px|24px|16px|24px|true|true\u00a0\u00bb animation_style=\u00a0\u00bbslide\u00a0\u00bb animation_delay=\u00a0\u00bb100ms\u00a0\u00bb locked=\u00a0\u00bboff\u00a0\u00bb global_colors_info=\u00a0\u00bb{}\u00a0\u00bb button_text_color__hover=\u00a0\u00bb#B7AE33&Prime; button_text_color__hover_enabled=\u00a0\u00bbon|hover\u00a0\u00bb button_bg_color__hover=\u00a0\u00bbRGBA(255,255,255,0)\u00a0\u00bb button_bg_color__hover_enabled=\u00a0\u00bbon|hover\u00a0\u00bb button_border_width__hover=\u00a0\u00bb1px\u00a0\u00bb button_border_width__hover_enabled=\u00a0\u00bbon|hover\u00a0\u00bb button_border_color__hover=\u00a0\u00bb#B7AE33&Prime; button_border_color__hover_enabled=\u00a0\u00bbon|hover\u00a0\u00bb][\/et_pb_button][\/et_pb_column][et_pb_column type=\u00a0\u00bb2_5&Prime; _builder_version=\u00a0\u00bb4.17.6&Prime; _module_preset=\u00a0\u00bbdefault\u00a0\u00bb global_colors_info=\u00a0\u00bb{}\u00a0\u00bb][et_pb_image src=\u00a0\u00bbhttp:\/\/wakeupstr.lu\/wp-content\/uploads\/2024\/03\/photo-wakeupshortrentals-callus.jpg\u00a0\u00bb alt=\u00a0\u00bbphoto-wakeupshortrentals-callus\u00a0\u00bb title_text=\u00a0\u00bbphoto-wakeupshortrentals-callus\u00a0\u00bb _builder_version=\u00a0\u00bb4.23.1&Prime; _module_preset=\u00a0\u00bbdefault\u00a0\u00bb animation_style=\u00a0\u00bbslide\u00a0\u00bb animation_direction=\u00a0\u00bbright\u00a0\u00bb animation_delay=\u00a0\u00bb100ms\u00a0\u00bb global_colors_info=\u00a0\u00bb{}\u00a0\u00bb][\/et_pb_image][\/et_pb_column][\/et_pb_row][\/et_pb_section]<\/p>\n","protected":false},"excerpt":{"rendered":"<p>wake up short term rentals Politique d&rsquo;annulation 1. Exigences en mati\u00e8re d&rsquo;identification (obligatoire) Afin de respecter la l\u00e9gislation luxembourgeoise et de garantir le bon d\u00e9roulement des proc\u00e9dures d&rsquo;enregistrement, tous les clients sont tenus de pr\u00e9senter une pi\u00e8ce d&rsquo;identit\u00e9 valide (passeport ou carte d&rsquo;identit\u00e9 nationale) via notre module d&rsquo;enregistrement s\u00e9curis\u00e9 avant leur arriv\u00e9e. Si vous ne [&hellip;]<\/p>\n","protected":false},"author":3,"featured_media":0,"parent":0,"menu_order":0,"comment_status":"closed","ping_status":"closed","template":"","meta":{"_et_pb_use_builder":"on","_et_pb_old_content":"","_et_gb_content_width":"","footnotes":""},"class_list":["post-1444","page","type-page","status-publish","hentry"],"_links":{"self":[{"href":"https:\/\/wakeupstr.lu\/fr\/wp-json\/wp\/v2\/pages\/1444","targetHints":{"allow":["GET"]}}],"collection":[{"href":"https:\/\/wakeupstr.lu\/fr\/wp-json\/wp\/v2\/pages"}],"about":[{"href":"https:\/\/wakeupstr.lu\/fr\/wp-json\/wp\/v2\/types\/page"}],"author":[{"embeddable":true,"href":"https:\/\/wakeupstr.lu\/fr\/wp-json\/wp\/v2\/users\/3"}],"replies":[{"embeddable":true,"href":"https:\/\/wakeupstr.lu\/fr\/wp-json\/wp\/v2\/comments?post=1444"}],"version-history":[{"count":12,"href":"https:\/\/wakeupstr.lu\/fr\/wp-json\/wp\/v2\/pages\/1444\/revisions"}],"predecessor-version":[{"id":2687,"href":"https:\/\/wakeupstr.lu\/fr\/wp-json\/wp\/v2\/pages\/1444\/revisions\/2687"}],"wp:attachment":[{"href":"https:\/\/wakeupstr.lu\/fr\/wp-json\/wp\/v2\/media?parent=1444"}],"curies":[{"name":"wp","href":"https:\/\/api.w.org\/{rel}","templated":true}]}}