{"id":1431,"date":"2025-05-27T11:19:57","date_gmt":"2025-05-27T10:19:57","guid":{"rendered":"https:\/\/wakeupstr.lu\/reglement-interieur\/"},"modified":"2026-04-07T15:50:32","modified_gmt":"2026-04-07T14:50:32","slug":"reglement-interieur","status":"publish","type":"page","link":"https:\/\/wakeupstr.lu\/fr\/reglement-interieur\/","title":{"rendered":"R\u00e8glement int\u00e9rieur"},"content":{"rendered":"<p>[et_pb_section fb_built=\u00a0\u00bb1&Prime; admin_label=\u00a0\u00bbHERO \u00a0\u00bb _builder_version=\u00a0\u00bb4.27.4&Prime; use_background_color_gradient=\u00a0\u00bbon\u00a0\u00bb background_color_gradient_type=\u00a0\u00bbcircular\u00a0\u00bb background_color_gradient_direction_radial=\u00a0\u00bbtop left\u00a0\u00bb background_color_gradient_stops=\u00a0\u00bb#fbfaef 0%|rgba(255,255,255,0) 100%\u00a0\u00bb background_color_gradient_overlays_image=\u00a0\u00bbon\u00a0\u00bb background_color_gradient_start=\u00a0\u00bbrgba(255,255,255,0.89)\u00a0\u00bb background_color_gradient_start_position=\u00a0\u00bb30%\u00a0\u00bb background_color_gradient_end=\u00a0\u00bbrgba(255,255,255,0)\u00a0\u00bb background_color_gradient_end_position=\u00a0\u00bb80%\u00a0\u00bb background_image=\u00a0\u00bbhttp:\/\/wakeupstr.lu\/wp-content\/uploads\/2025\/05\/photo-wakeupshortrentals-houserules.jpg\u00a0\u00bb parallax=\u00a0\u00bbon\u00a0\u00bb custom_margin=\u00a0\u00bb|||\u00a0\u00bb custom_padding=\u00a0\u00bb8vw||8vw||true\u00a0\u00bb bottom_divider_style=\u00a0\u00bbslant2&Prime; bottom_divider_color=\u00a0\u00bb#FFFFFF\u00a0\u00bb bottom_divider_height=\u00a0\u00bb117px\u00a0\u00bb bottom_divider_repeat=\u00a0\u00bb1x\u00a0\u00bb bottom_divider_flip=\u00a0\u00bbhorizontal\u00a0\u00bb locked=\u00a0\u00bboff\u00a0\u00bb collapsed=\u00a0\u00bboff\u00a0\u00bb global_colors_info=\u00a0\u00bb{}\u00a0\u00bb][et_pb_row _builder_version=\u00a0\u00bb4.23.1&Prime; max_width=\u00a0\u00bb890px\u00a0\u00bb global_colors_info=\u00a0\u00bb{}\u00a0\u00bb][et_pb_column type=\u00a0\u00bb4_4&Prime; _builder_version=\u00a0\u00bb4.16&Prime; custom_padding=\u00a0\u00bb|||\u00a0\u00bb global_colors_info=\u00a0\u00bb{}\u00a0\u00bb custom_padding__hover=\u00a0\u00bb|||\u00a0\u00bb][et_pb_text _builder_version=\u00a0\u00bb4.27.4&Prime; text_font=\u00a0\u00bb||||||||\u00a0\u00bb text_text_color=\u00a0\u00bb#110603&Prime; header_font=\u00a0\u00bbBarlow|800|||||||\u00a0\u00bb header_text_align=\u00a0\u00bbleft\u00a0\u00bb header_text_color=\u00a0\u00bb#110603&Prime; header_font_size=\u00a0\u00bb56px\u00a0\u00bb header_line_height=\u00a0\u00bb1.4em\u00a0\u00bb header_2_font=\u00a0\u00bbBarlow|700|||||||\u00a0\u00bb header_2_text_align=\u00a0\u00bbleft\u00a0\u00bb header_2_text_color=\u00a0\u00bb#110603&Prime; header_2_font_size=\u00a0\u00bb48px\u00a0\u00bb header_2_line_height=\u00a0\u00bb1.3em\u00a0\u00bb header_3_font=\u00a0\u00bbBarlow|700|||||||\u00a0\u00bb header_3_text_align=\u00a0\u00bbleft\u00a0\u00bb header_3_text_color=\u00a0\u00bb#110603&Prime; header_3_font_size=\u00a0\u00bb34px\u00a0\u00bb header_3_line_height=\u00a0\u00bb1.3em\u00a0\u00bb header_4_font=\u00a0\u00bbBarlow|700||on|||||\u00a0\u00bb header_4_text_align=\u00a0\u00bbleft\u00a0\u00bb header_4_text_color=\u00a0\u00bb#B7AE33&Prime; header_4_font_size=\u00a0\u00bb1em\u00a0\u00bb header_4_letter_spacing=\u00a0\u00bb8px\u00a0\u00bb header_4_line_height=\u00a0\u00bb1.4em\u00a0\u00bb animation_style=\u00a0\u00bbzoom\u00a0\u00bb animation_intensity_zoom=\u00a0\u00bb5%\u00a0\u00bb hover_enabled=\u00a0\u00bb0&Prime; global_colors_info=\u00a0\u00bb{}\u00a0\u00bb sticky_enabled=\u00a0\u00bb0&Prime;]<\/p>\n<h4 style=\"text-align: left\">wake up short term rentals<\/h4>\n<h1>R\u00e8glement int\u00e9rieur<\/h1>\n<p>[\/et_pb_text][\/et_pb_column][\/et_pb_row][\/et_pb_section][et_pb_section fb_built=\u00a0\u00bb1&Prime; admin_label=\u00a0\u00bbHeader\u00a0\u00bb _builder_version=\u00a0\u00bb4.17.6&Prime; _module_preset=\u00a0\u00bbdefault\u00a0\u00bb collapsed=\u00a0\u00bboff\u00a0\u00bb global_colors_info=\u00a0\u00bb{}\u00a0\u00bb][et_pb_row _builder_version=\u00a0\u00bb4.17.6&Prime; _module_preset=\u00a0\u00bbdefault\u00a0\u00bb max_width=\u00a0\u00bb890px\u00a0\u00bb global_colors_info=\u00a0\u00bb{}\u00a0\u00bb][et_pb_column type=\u00a0\u00bb4_4&Prime; _builder_version=\u00a0\u00bb4.17.6&Prime; _module_preset=\u00a0\u00bbdefault\u00a0\u00bb global_colors_info=\u00a0\u00bb{}\u00a0\u00bb][et_pb_text _builder_version=\u00a0\u00bb4.27.4&Prime; _module_preset=\u00a0\u00bb1f09816e-184e-4ce5-a4cf-b39c52c423ca\u00a0\u00bb text_font=\u00a0\u00bb||||||||\u00a0\u00bb text_text_color=\u00a0\u00bb#110603&Prime; text_font_size=\u00a0\u00bb1em\u00a0\u00bb link_text_color=\u00a0\u00bb#B7AE33&Prime; ol_font=\u00a0\u00bb&#8211;et_global_body_font|&#8211;et_global_body_font_weight|||||||\u00a0\u00bb ol_text_color=\u00a0\u00bb#110603&Prime; header_4_font=\u00a0\u00bb|700|||||||\u00a0\u00bb header_4_text_color=\u00a0\u00bb#B7AE33&Prime; header_4_font_size=\u00a0\u00bb2rem\u00a0\u00bb header_5_text_color=\u00a0\u00bb#B7AE33&Prime; hover_enabled=\u00a0\u00bb0&Prime; text_font_size_last_edited=\u00a0\u00bboff|desktop\u00a0\u00bb header_font_size_tablet=\u00a0\u00bb55px\u00a0\u00bb header_font_size_last_edited=\u00a0\u00bboff|desktop\u00a0\u00bb text_orientation_last_edited=\u00a0\u00bboff|phone\u00a0\u00bb global_colors_info=\u00a0\u00bb{}\u00a0\u00bb link_text_color__hover_enabled=\u00a0\u00bbon|hover\u00a0\u00bb link_text_color__hover=\u00a0\u00bb#B84221&Prime; sticky_enabled=\u00a0\u00bb0&Prime;]<\/p>\n<h4 class=\"p1\"><span class=\"s1\">1. Enregistrement et sortie<\/span><\/h4>\n<ul>\n<li class=\"p2\"><b>Heure d&rsquo;enregistrement :<\/b> 15 heures, sans exception.<\/li>\n<li class=\"p2\"><b>Heure de d\u00e9part :<\/b> 10h00, sans exception. Veuillez respecter cet horaire pour permettre le nettoyage. <\/li>\n<li class=\"p2\">Il est strictement interdit d&rsquo;entrer dans un logement autre que celui qui vous a \u00e9t\u00e9 attribu\u00e9 au moment de la r\u00e9servation. Chaque logement est priv\u00e9 et attribu\u00e9 \u00e0 un h\u00f4te sp\u00e9cifique. <\/li>\n<li class=\"p2\">Le fait d&rsquo;entrer ou de rester volontairement dans un appartement autre que celui indiqu\u00e9 constitue une <b>violation grave du r\u00e8glement int\u00e9rieur<\/b> et peut entra\u00eener :\n<ul>\n<li class=\"p2\"><b>intervention imm\u00e9diate de notre personnel,<\/b><\/li>\n<li class=\"p2\"><b>des frais suppl\u00e9mentaires<\/b>,<\/li>\n<li class=\"p2\">l<b>&lsquo;exclusion sans remboursement,<\/b><\/li>\n<li class=\"p2\">et <b>signalement de l&rsquo;incident \u00e0 la plateforme de r\u00e9servation <\/b>(Airbnb, Booking.com, etc.).<\/li>\n<\/ul>\n<\/li>\n<li class=\"p2\">\n<p data-start=\"69\" data-end=\"174\"><strong data-start=\"69\" data-end=\"174\">En cas de d\u00e9t\u00e9rioration ou de perte du transpondeur, des frais suppl\u00e9mentaires de 190 euros seront factur\u00e9s pour couvrir les co\u00fbts de remplacement.<\/strong><\/p>\n<\/li>\n<\/ul>\n<h4 class=\"p1\"><span class=\"s1\">2. Heures calmes et respect du voisinage<\/span><\/h4>\n<ul>\n<li class=\"p2\"><b>Heures calmes :<\/b> De 22h00 \u00e0 7h00. Veuillez respecter la tranquillit\u00e9 et le confort des autres h\u00f4tes et des voisins. <\/li>\n<li class=\"p2\"><b>Comportement respectueux :<\/b> Les f\u00eates sont strictement interdites. Tout comportement perturbateur entra\u00eenera des sanctions. <\/li>\n<\/ul>\n<h4 class=\"p1\"><span class=\"s1\">3. Utilisation des espaces priv\u00e9s<\/span><\/h4>\n<ul>\n<li class=\"p2\"><b>Cuisine :<\/b> Chaque logement dispose d&rsquo;une cuisine priv\u00e9e. Veuillez la garder propre et ne pas laisser de denr\u00e9es p\u00e9rissables \u00e0 la fin de votre s\u00e9jour. <\/li>\n<li class=\"p2\"><b>Salles de bains :<\/b> Les salles de bains sont priv\u00e9es. Veuillez en prendre soin et les laisser propres apr\u00e8s utilisation. <\/li>\n<li class=\"p2\"><b>Espace de vie : <\/b>Chaque unit\u00e9 dispose de son propre espace de vie. Veuillez respecter le mobilier et les \u00e9quipements disponibles. <\/li>\n<\/ul>\n<h4 class=\"p1\"><span class=\"s1\">4. Politique en mati\u00e8re de tabagisme<\/span><\/h4>\n<ul>\n<li class=\"p2\"><b>Il est interdit de fumer \u00e0 l&rsquo;int\u00e9rieur :<\/b> Il est strictement interdit de fumer \u00e0 l&rsquo;int\u00e9rieur des logements. Des zones fumeurs ext\u00e9rieures peuvent \u00eatre disponibles. <\/li>\n<li class=\"p2\"><b>\u00c9limination des cigarettes : <\/b>Veuillez jeter les m\u00e9gots de cigarettes dans les cendriers pr\u00e9vus \u00e0 cet effet.<\/li>\n<\/ul>\n<h4 class=\"p1\"><span class=\"s1\">5. La propret\u00e9<\/span><\/h4>\n<ul>\n<li class=\"p2\"><b>Nettoyage pour les longs s\u00e9jours :<\/b> Un service de nettoyage est assur\u00e9 tous les cinq jours pour les s\u00e9jours prolong\u00e9s.<\/li>\n<li class=\"p2\"><b>Literie :<\/b> Veuillez respecter le linge de lit et les couvertures. \u00c9vitez de les tacher ou d&rsquo;utiliser des produits susceptibles de les endommager. <\/li>\n<li class=\"p2\"><b>Elimination des d\u00e9chets<\/b>: Veuillez jeter vos d\u00e9chets dans les poubelles pr\u00e9vues \u00e0 cet effet.<\/li>\n<\/ul>\n<h4 class=\"p1\"><span class=\"s1\">6. Internet et t\u00e9l\u00e9vision<\/span><\/h4>\n<ul>\n<li class=\"p2\"><b>Wi-Fi : <\/b>Gratuit. Le mot de passe vous sera fourni \u00e0 votre arriv\u00e9e. <\/li>\n<li class=\"p2\"><b>T\u00e9l\u00e9vision : <\/b>Chaque logement est \u00e9quip\u00e9 d&rsquo;une t\u00e9l\u00e9vision. Veuillez maintenir le volume \u00e0 un niveau raisonnable afin de ne pas d\u00e9ranger les autres. <\/li>\n<\/ul>\n<h4 class=\"p1\"><span class=\"s1\">7. S\u00e9curit\u00e9<\/span><\/h4>\n<ul>\n<li class=\"p2\"><b>Cl\u00e9s et acc\u00e8s :<\/b> Fermez toujours la porte \u00e0 cl\u00e9 lorsque vous quittez le logement. Ne partagez pas les cl\u00e9s ou les codes d&rsquo;acc\u00e8s avec des tiers. <\/li>\n<li class=\"p2\"><b>S\u00e9curit\u00e9 incendie :<\/b> En cas d&rsquo;urgence, suivez les consignes de s\u00e9curit\u00e9. L&rsquo;utilisation de bougies ou de toute flamme nue est strictement interdite. <\/li>\n<\/ul>\n<h4 class=\"p1\"><span class=\"s1\">8. Invit\u00e9s suppl\u00e9mentaires<\/span><\/h4>\n<ul>\n<li class=\"p2\"><b>Inscription obligatoire :<\/b> Tous les invit\u00e9s doivent \u00eatre enregistr\u00e9s. Il est interdit d&rsquo;accueillir des invit\u00e9s non inscrits sans l&rsquo;accord de la direction. <\/li>\n<li class=\"p2\"><b>Politique \u00e0 l&rsquo;\u00e9gard des visiteurs :<\/b> Les visiteurs ne sont pas autoris\u00e9s sans l&rsquo;accord pr\u00e9alable de la direction.<\/li>\n<\/ul>\n<h4 class=\"p1\"><span class=\"s1\">9. Animaux de compagnie<\/span><\/h4>\n<ul>\n<li class=\"p2\"><b>Politique concernant les animaux de compagnie : <\/b>Les animaux ne sont pas autoris\u00e9s.<\/li>\n<\/ul>\n<h4 class=\"p1\"><span class=\"s1\">10. Dommages et responsabilit\u00e9<\/span><\/h4>\n<ul>\n<li class=\"p2\"><b>Responsabilit\u00e9 des h\u00f4tes : <\/b>Vous \u00eates responsable de tout dommage caus\u00e9 pendant votre s\u00e9jour. Veuillez signaler imm\u00e9diatement tout incident \u00e0 la direction. <\/li>\n<li class=\"p2\"><b>D\u00e9p\u00f4t de garantie : <\/b>Une caution peut \u00eatre demand\u00e9e pour couvrir d&rsquo;\u00e9ventuels dommages.<\/li>\n<\/ul>\n<h4 class=\"p1\"><span class=\"s1\">11. Plaintes et suggestions<\/span><\/h4>\n<ul>\n<li class=\"p2\"><b>Probl\u00e8mes pendant votre s\u00e9jour : <\/b>Si vous rencontrez des probl\u00e8mes, veuillez contacter imm\u00e9diatement la direction pour une r\u00e9solution rapide.<\/li>\n<li class=\"p2\"><b>Commentaires : <\/b>Vos suggestions sont les bienvenues pour am\u00e9liorer l&rsquo;exp\u00e9rience de nos clients.<\/li>\n<\/ul>\n<p>[\/et_pb_text][\/et_pb_column][\/et_pb_row][\/et_pb_section][et_pb_section fb_built=\u00a0\u00bb1&Prime; admin_label=\u00a0\u00bbTestimonials\u00a0\u00bb _builder_version=\u00a0\u00bb4.23.1&Prime; _module_preset=\u00a0\u00bbdefault\u00a0\u00bb background_color=\u00a0\u00bb#B7AE33&Prime; animation_style=\u00a0\u00bbslide\u00a0\u00bb animation_direction=\u00a0\u00bbbottom\u00a0\u00bb animation_delay=\u00a0\u00bb100ms\u00a0\u00bb locked=\u00a0\u00bboff\u00a0\u00bb collapsed=\u00a0\u00bbon\u00a0\u00bb global_colors_info=\u00a0\u00bb{}\u00a0\u00bb][et_pb_row _builder_version=\u00a0\u00bb4.23.1&Prime; _module_preset=\u00a0\u00bbdefault\u00a0\u00bb max_width=\u00a0\u00bb100%\u00a0\u00bb global_colors_info=\u00a0\u00bb{}\u00a0\u00bb][et_pb_column type=\u00a0\u00bb4_4&Prime; _builder_version=\u00a0\u00bb4.17.6&Prime; _module_preset=\u00a0\u00bbdefault\u00a0\u00bb global_colors_info=\u00a0\u00bb{}\u00a0\u00bb][et_pb_text _builder_version=\u00a0\u00bb4.23.1&Prime; _module_preset=\u00a0\u00bbb327cbe4-b1d5-4b66-ad37-40c8f2f061ba\u00a0\u00bb header_2_font=\u00a0\u00bb|700|||||||\u00a0\u00bb header_2_text_color=\u00a0\u00bb#FBFAEF\u00a0\u00bb header_2_font_size=\u00a0\u00bb3em\u00a0\u00bb header_2_line_height=\u00a0\u00bb1.4em\u00a0\u00bb text_orientation=\u00a0\u00bbcenter\u00a0\u00bb header_2_font_size_tablet=\u00a0\u00bb32px\u00a0\u00bb header_2_font_size_phone=\u00a0\u00bb20px\u00a0\u00bb header_2_font_size_last_edited=\u00a0\u00bbon|desktop\u00a0\u00bb global_colors_info=\u00a0\u00bb{}\u00a0\u00bb]<\/p>\n<h2>Ce que disent nos clients<\/h2>\n<p>[\/et_pb_text][\/et_pb_column][\/et_pb_row][et_pb_row custom_padding_last_edited=\u00a0\u00bbon|tablet\u00a0\u00bb _builder_version=\u00a0\u00bb4.23.1&Prime; _module_preset=\u00a0\u00bbdefault\u00a0\u00bb background_color=\u00a0\u00bbRGBA(255,255,255,0)\u00a0\u00bb custom_padding_tablet=\u00a0\u00bb||0px||false|false\u00a0\u00bb custom_padding_phone=\u00a0\u00bb||0px||false|false\u00a0\u00bb global_colors_info=\u00a0\u00bb{}\u00a0\u00bb][et_pb_column type=\u00a0\u00bb4_4&Prime; _builder_version=\u00a0\u00bb4.23.1&Prime; _module_preset=\u00a0\u00bbdefault\u00a0\u00bb background_color=\u00a0\u00bbRGBA(255,255,255,0)\u00a0\u00bb custom_padding=\u00a0\u00bb30px|30px|30px|30px|true|true\u00a0\u00bb custom_padding_tablet=\u00a0\u00bb30px|30px|30px|30px|true|true\u00a0\u00bb custom_padding_phone=\u00a0\u00bb20px|20px|20px|20px|true|true\u00a0\u00bb custom_padding_last_edited=\u00a0\u00bbon|desktop\u00a0\u00bb global_colors_info=\u00a0\u00bb{}\u00a0\u00bb][et_pb_code _builder_version=\u00a0\u00bb4.23.1&Prime; _module_preset=\u00a0\u00bbdefault\u00a0\u00bb background_color=\u00a0\u00bbRGBA(255,255,255,0)\u00a0\u00bb global_colors_info=\u00a0\u00bb{}\u00a0\u00bb]<!-- [et_pb_line_break_holder] --><\/p>\n<div class=\"elfsight-app-ab55a396-b818-4bb7-bf81-e1e0ca4c497c\" data-elfsight-app-lazy=\"\"><\/div>\n<p>[\/et_pb_code][\/et_pb_column][\/et_pb_row][\/et_pb_section][et_pb_section fb_built=\u00a0\u00bb1&Prime; admin_label=\u00a0\u00bbCall to Action\u00a0\u00bb _builder_version=\u00a0\u00bb4.17.6&Prime; _module_preset=\u00a0\u00bbdefault\u00a0\u00bb collapsed=\u00a0\u00bbon\u00a0\u00bb global_colors_info=\u00a0\u00bb{}\u00a0\u00bb][et_pb_row column_structure=\u00a0\u00bb3_5,2_5&Prime; _builder_version=\u00a0\u00bb4.17.6&Prime; _module_preset=\u00a0\u00bbdefault\u00a0\u00bb global_colors_info=\u00a0\u00bb{}\u00a0\u00bb][et_pb_column type=\u00a0\u00bb3_5&Prime; _builder_version=\u00a0\u00bb4.17.6&Prime; _module_preset=\u00a0\u00bbdefault\u00a0\u00bb custom_padding=\u00a0\u00bb10%||||false|false\u00a0\u00bb custom_padding_tablet=\u00a0\u00bb0%||||false|false\u00a0\u00bb custom_padding_phone=\u00a0\u00bb0%||||false|false\u00a0\u00bb custom_padding_last_edited=\u00a0\u00bbon|tablet\u00a0\u00bb global_colors_info=\u00a0\u00bb{}\u00a0\u00bb][et_pb_text _builder_version=\u00a0\u00bb4.23.1&Prime; _module_preset=\u00a0\u00bbe6504a1b-67eb-4b3d-b023-bcab277610b6&Prime; header_4_font=\u00a0\u00bb|700||on|||||\u00a0\u00bb header_4_text_color=\u00a0\u00bb#B7AE33&Prime; header_4_font_size=\u00a0\u00bb1em\u00a0\u00bb header_4_letter_spacing=\u00a0\u00bb1em\u00a0\u00bb header_4_line_height=\u00a0\u00bb1.4em\u00a0\u00bb custom_margin=\u00a0\u00bb||0px||false|false\u00a0\u00bb animation_style=\u00a0\u00bbslide\u00a0\u00bb animation_direction=\u00a0\u00bbbottom\u00a0\u00bb animation_delay=\u00a0\u00bb100ms\u00a0\u00bb header_4_letter_spacing_tablet=\u00a0\u00bb1em\u00a0\u00bb header_4_letter_spacing_phone=\u00a0\u00bb0em\u00a0\u00bb header_4_letter_spacing_last_edited=\u00a0\u00bbon|phone\u00a0\u00bb locked=\u00a0\u00bboff\u00a0\u00bb global_colors_info=\u00a0\u00bb{}\u00a0\u00bb]<\/p>\n<h4>Prendre contact<\/h4>\n<p>[\/et_pb_text][et_pb_text _builder_version=\u00a0\u00bb4.23.1&Prime; _module_preset=\u00a0\u00bbb327cbe4-b1d5-4b66-ad37-40c8f2f061ba\u00a0\u00bb header_2_font=\u00a0\u00bb|700|||||||\u00a0\u00bb header_2_text_color=\u00a0\u00bb#110603&Prime; header_2_font_size=\u00a0\u00bb3em\u00a0\u00bb header_2_line_height=\u00a0\u00bb1.4em\u00a0\u00bb custom_margin=\u00a0\u00bb||10px||false|false\u00a0\u00bb animation_style=\u00a0\u00bbslide\u00a0\u00bb animation_direction=\u00a0\u00bbbottom\u00a0\u00bb animation_delay=\u00a0\u00bb100ms\u00a0\u00bb header_2_font_size_tablet=\u00a0\u00bb\u00a0\u00bb header_2_font_size_phone=\u00a0\u00bb1.5em\u00a0\u00bb header_2_font_size_last_edited=\u00a0\u00bbon|phone\u00a0\u00bb locked=\u00a0\u00bboff\u00a0\u00bb global_colors_info=\u00a0\u00bb{}\u00a0\u00bb link_text_color__hover_enabled=\u00a0\u00bbon|hover\u00a0\u00bb link_text_color__hover=\u00a0\u00bb#B7AE33&Prime;]<\/p>\n<h2>Appelez-nous : <a href=\"tel:0035228800240\">(+352) 28 80 02 40<\/a><\/h2>\n<p>[\/et_pb_text][et_pb_button button_url=\u00a0\u00bb@ET-DC@eyJkeW5hbWljIjp0cnVlLCJjb250ZW50IjoicG9zdF9saW5rX3VybF9wYWdlIiwic2V0dGluZ3MiOnsicG9zdF9pZCI6IjE3OCIsImVuYWJsZV9odG1sIjoib2ZmIn19@\u00a0\u00bb button_text=\u00a0\u00bbEnvoyer un message\u00a0\u00bb button_alignment=\u00a0\u00bbleft\u00a0\u00bb _builder_version=\u00a0\u00bb4.24.2&Prime; _dynamic_attributes=\u00a0\u00bbbutton_url\u00a0\u00bb _module_preset=\u00a0\u00bb31b4f027-aaa0-4f2f-ae02-959764e19e4f\u00a0\u00bb custom_button=\u00a0\u00bbon\u00a0\u00bb button_text_size=\u00a0\u00bb14px\u00a0\u00bb button_text_color=\u00a0\u00bb#FBFAEF\u00a0\u00bb button_bg_color=\u00a0\u00bb#B7AE33&Prime; button_border_width=\u00a0\u00bb0px\u00a0\u00bb button_border_color=\u00a0\u00bbRGBA(255,255,255,0)\u00a0\u00bb button_border_radius=\u00a0\u00bb0px\u00a0\u00bb button_font=\u00a0\u00bb|700||on|||||\u00a0\u00bb button_use_icon=\u00a0\u00bboff\u00a0\u00bb custom_padding=\u00a0\u00bb16px|24px|16px|24px|true|true\u00a0\u00bb animation_style=\u00a0\u00bbslide\u00a0\u00bb animation_delay=\u00a0\u00bb100ms\u00a0\u00bb locked=\u00a0\u00bboff\u00a0\u00bb global_colors_info=\u00a0\u00bb{}\u00a0\u00bb button_text_color__hover=\u00a0\u00bb#B7AE33&Prime; button_text_color__hover_enabled=\u00a0\u00bbon|hover\u00a0\u00bb button_bg_color__hover=\u00a0\u00bbRGBA(255,255,255,0)\u00a0\u00bb button_bg_color__hover_enabled=\u00a0\u00bbon|hover\u00a0\u00bb button_border_width__hover=\u00a0\u00bb1px\u00a0\u00bb button_border_width__hover_enabled=\u00a0\u00bbon|hover\u00a0\u00bb button_border_color__hover=\u00a0\u00bb#B7AE33&Prime; button_border_color__hover_enabled=\u00a0\u00bbon|hover\u00a0\u00bb][\/et_pb_button][\/et_pb_column][et_pb_column type=\u00a0\u00bb2_5&Prime; _builder_version=\u00a0\u00bb4.17.6&Prime; _module_preset=\u00a0\u00bbdefault\u00a0\u00bb global_colors_info=\u00a0\u00bb{}\u00a0\u00bb][et_pb_image src=\u00a0\u00bbhttp:\/\/wakeupstr.lu\/wp-content\/uploads\/2024\/03\/photo-wakeupshortrentals-callus.jpg\u00a0\u00bb alt=\u00a0\u00bbphoto-wakeupshortrentals-callus\u00a0\u00bb title_text=\u00a0\u00bbphoto-wakeupshortrentals-callus\u00a0\u00bb _builder_version=\u00a0\u00bb4.23.1&Prime; _module_preset=\u00a0\u00bbdefault\u00a0\u00bb animation_style=\u00a0\u00bbslide\u00a0\u00bb animation_direction=\u00a0\u00bbright\u00a0\u00bb animation_delay=\u00a0\u00bb100ms\u00a0\u00bb global_colors_info=\u00a0\u00bb{}\u00a0\u00bb][\/et_pb_image][\/et_pb_column][\/et_pb_row][\/et_pb_section]<\/p>\n","protected":false},"excerpt":{"rendered":"<p>wake up short term rentals R\u00e8glement int\u00e9rieur1. Enregistrement et sortie Heure d&rsquo;enregistrement : 15 heures, sans exception. Heure de d\u00e9part : 10h00, sans exception. Veuillez respecter cet horaire pour permettre le nettoyage. Il est strictement interdit d&rsquo;entrer dans un logement autre que celui qui vous a \u00e9t\u00e9 attribu\u00e9 au moment de la r\u00e9servation. Chaque logement [&hellip;]<\/p>\n","protected":false},"author":3,"featured_media":0,"parent":0,"menu_order":0,"comment_status":"closed","ping_status":"closed","template":"","meta":{"_et_pb_use_builder":"on","_et_pb_old_content":"","_et_gb_content_width":"","footnotes":""},"class_list":["post-1431","page","type-page","status-publish","hentry"],"_links":{"self":[{"href":"https:\/\/wakeupstr.lu\/fr\/wp-json\/wp\/v2\/pages\/1431","targetHints":{"allow":["GET"]}}],"collection":[{"href":"https:\/\/wakeupstr.lu\/fr\/wp-json\/wp\/v2\/pages"}],"about":[{"href":"https:\/\/wakeupstr.lu\/fr\/wp-json\/wp\/v2\/types\/page"}],"author":[{"embeddable":true,"href":"https:\/\/wakeupstr.lu\/fr\/wp-json\/wp\/v2\/users\/3"}],"replies":[{"embeddable":true,"href":"https:\/\/wakeupstr.lu\/fr\/wp-json\/wp\/v2\/comments?post=1431"}],"version-history":[{"count":22,"href":"https:\/\/wakeupstr.lu\/fr\/wp-json\/wp\/v2\/pages\/1431\/revisions"}],"predecessor-version":[{"id":3723,"href":"https:\/\/wakeupstr.lu\/fr\/wp-json\/wp\/v2\/pages\/1431\/revisions\/3723"}],"wp:attachment":[{"href":"https:\/\/wakeupstr.lu\/fr\/wp-json\/wp\/v2\/media?parent=1431"}],"curies":[{"name":"wp","href":"https:\/\/api.w.org\/{rel}","templated":true}]}}