{"id":906,"date":"2024-03-15T13:08:42","date_gmt":"2024-03-15T12:08:42","guid":{"rendered":"https:\/\/wakeupstr.lu\/neudorf-02\/"},"modified":"2025-10-25T02:49:07","modified_gmt":"2025-10-25T01:49:07","slug":"neudorf-02","status":"publish","type":"page","link":"https:\/\/wakeupstr.lu\/de\/neudorf-02\/","title":{"rendered":"Neudorf-02"},"content":{"rendered":"<p>[et_pb_section fb_built=&#8220;1&#8243; make_equal=&#8220;on&#8220; specialty=&#8220;on&#8220; custom_padding_last_edited=&#8220;on|desktop&#8220; background_color_1=&#8220;RGBA(255,255,255,0)&#8220; use_background_color_gradient_2=&#8220;off&#8220; background_color_gradient_overlays_image_2=&#8220;on&#8220; padding_top_2=&#8220;0px&#8220; padding_bottom_1=&#8220;8vw&#8220; padding_top_bottom_link_1=&#8220;false&#8220; padding_left_right_link_1=&#8220;false&#8220; admin_label=&#8220;Header&#8220; _builder_version=&#8220;4.23.1&#8243; background_enable_color=&#8220;off&#8220; use_background_color_gradient=&#8220;on&#8220; background_color_gradient_direction=&#8220;90deg&#8220; background_color_gradient_stops=&#8220;rgba(251,250,239,0.75) 0%|rgba(251,250,239,0) 100%|rgba(251, 250, 239, 0) 100%&#8220; background_color_gradient_overlays_image=&#8220;on&#8220; background_image=&#8220;http:\/\/wakeupstr.lu\/wp-content\/uploads\/2024\/03\/photo-wakeupshortrentals-neudorf02-1920&#215;809-1.jpg&#8220; parallax=&#8220;on&#8220; inner_width=&#8220;100%&#8220; inner_max_width=&#8220;100%&#8220; custom_margin=&#8220;0px||||false|false&#8220; custom_margin_tablet=&#8220;0vw||&#8220; custom_margin_phone=&#8220;&#8220; custom_margin_last_edited=&#8220;on|desktop&#8220; custom_padding=&#8220;20vw|0px||10vw|false|false&#8220; custom_padding_tablet=&#8220;80px|10vw||10vw|false|true&#8220; custom_padding_phone=&#8220;|||||false&#8220; use_custom_width=&#8220;on&#8220; width_unit=&#8220;off&#8220; custom_width_percent=&#8220;100%&#8220; locked=&#8220;off&#8220; global_colors_info=&#8220;{}&#8220;][et_pb_column type=&#8220;2_3&#8243; specialty_columns=&#8220;2&#8243; _builder_version=&#8220;4.16&#8243; custom_padding=&#8220;|||&#8220; global_colors_info=&#8220;{}&#8220; parallax__hover=&#8220;off&#8220; parallax_method__hover=&#8220;on&#8220; custom_padding__hover=&#8220;|||&#8220;][et_pb_row_inner custom_padding_last_edited=&#8220;on|tablet&#8220; _builder_version=&#8220;4.16&#8243; custom_padding=&#8220;0|30px||30px|false|true&#8220; custom_padding_tablet=&#8220;|0px||0px||true&#8220; custom_padding_phone=&#8220;&#8220; global_colors_info=&#8220;{}&#8220;][et_pb_column_inner saved_specialty_column_type=&#8220;2_3&#8243; _builder_version=&#8220;4.16&#8243; custom_padding=&#8220;|||&#8220; global_colors_info=&#8220;{}&#8220; parallax__hover=&#8220;off&#8220; parallax_method__hover=&#8220;on&#8220; custom_padding__hover=&#8220;|||&#8220;][et_pb_text _builder_version=&#8220;4.23.1&#8243; text_font=&#8220;Open Sans||||||||&#8220; text_line_height=&#8220;2em&#8220; header_font=&#8220;||||||||&#8220; header_text_align=&#8220;center&#8220; header_text_color=&#8220;#110603&#8243; header_font_size=&#8220;4vw&#8220; header_line_height=&#8220;1.3em&#8220; header_2_font=&#8220;|700||on|||||&#8220; header_2_text_align=&#8220;center&#8220; header_2_text_color=&#8220;#B7AE33&#8243; header_2_font_size=&#8220;16px&#8220; header_2_letter_spacing=&#8220;6px&#8220; header_2_line_height=&#8220;2em&#8220; header_3_font=&#8220;||||||||&#8220; header_4_font=&#8220;|||on|||||&#8220; header_4_text_align=&#8220;center&#8220; header_4_text_color=&#8220;#B7AE33&#8243; header_4_font_size=&#8220;1rem&#8220; header_4_letter_spacing=&#8220;1rem&#8220; text_orientation=&#8220;center&#8220; custom_margin=&#8220;-7.5vw||||false&#8220; custom_margin_tablet=&#8220;0vw||20px&#8220; custom_margin_phone=&#8220;&#8220; custom_margin_last_edited=&#8220;on|desktop&#8220; header_font_size_tablet=&#8220;8vw&#8220; header_font_size_phone=&#8220;12vw&#8220; header_font_size_last_edited=&#8220;on|phone&#8220; header_2_font_size_tablet=&#8220;&#8220; header_2_font_size_phone=&#8220;12px&#8220; header_2_font_size_last_edited=&#8220;on|phone&#8220; locked=&#8220;off&#8220; global_colors_info=&#8220;{}&#8220; header_3_font_size__hover=&#8220;22px&#8220; header_3_font_size__hover_enabled=&#8220;22px&#8220; header_3_letter_spacing__hover=&#8220;0px&#8220; header_3_letter_spacing__hover_enabled=&#8220;0px&#8220; header_3_line_height__hover=&#8220;1em&#8220; header_3_line_height__hover_enabled=&#8220;1em&#8220; header_3_text_shadow_style__hover=&#8220;none&#8220; header_3_text_shadow_style__hover_enabled=&#8220;none&#8220; header_3_text_shadow_color__hover=&#8220;rgba(0,0,0,0.4)&#8220; header_3_text_shadow_color__hover_enabled=&#8220;rgba(0,0,0,0.4)&#8220;]<\/p>\n<h4>Wohnung<\/h4>\n<h1>Neudorf &#8211; 02<\/h1>\n<p>[\/et_pb_text][et_pb_text _builder_version=&#8220;4.27.0&#8243; text_font=&#8220;|700|||||||&#8220; text_text_color=&#8220;#FBFAEF&#8220; text_font_size=&#8220;1rem&#8220; header_font=&#8220;||||||||&#8220; header_text_align=&#8220;center&#8220; header_2_font=&#8220;||||||||&#8220; header_2_text_align=&#8220;center&#8220; header_2_text_color=&#8220;#110603&#8243; header_2_font_size=&#8220;60px&#8220; header_2_letter_spacing=&#8220;0.1px&#8220; header_4_text_align=&#8220;center&#8220; header_4_text_color=&#8220;#B84221&#8243; text_orientation=&#8220;center&#8220; custom_margin=&#8220;||&#8220; hover_enabled=&#8220;0&#8243; header_2_font_size_tablet=&#8220;40px&#8220; header_2_font_size_phone=&#8220;30px&#8220; header_2_font_size_last_edited=&#8220;on|phone&#8220; locked=&#8220;off&#8220; global_colors_info=&#8220;{}&#8220; sticky_enabled=&#8220;0&#8243;]<\/p>\n<h4>Von 125 \u20ac Nacht<\/h4>\n<p>[\/et_pb_text][\/et_pb_column_inner][\/et_pb_row_inner][\/et_pb_column][et_pb_column type=&#8220;1_3&#8243; _builder_version=&#8220;4.16&#8243; custom_padding=&#8220;|||&#8220; global_colors_info=&#8220;{}&#8220; padding_top__hover=&#8220;0px&#8220; bg_img__hover=&#8220;http:\/\/wakeupstr.lu\/wp-content\/uploads\/2024\/03\/spa_hotel_02.jpg&#8220; parallax__hover=&#8220;off&#8220; parallax_method__hover=&#8220;on&#8220; custom_padding__hover=&#8220;|||&#8220;][et_pb_text _builder_version=&#8220;4.24.2&#8243; _dynamic_attributes=&#8220;link_option_url&#8220; text_font=&#8220;|700||on|||||&#8220; text_text_color=&#8220;#FBFAEF&#8220; text_letter_spacing=&#8220;6px&#8220; text_line_height=&#8220;1.6em&#8220; background_color=&#8220;#B7AE33&#8243; background_color_gradient_direction=&#8220;90deg&#8220; text_orientation=&#8220;center&#8220; custom_margin_tablet=&#8220;&#8220; custom_margin_phone=&#8220;&#8220; custom_margin_last_edited=&#8220;on|tablet&#8220; custom_padding=&#8220;80px|40px|80px|40px|true|true&#8220; custom_padding_tablet=&#8220;40px||40px||true&#8220; custom_padding_phone=&#8220;&#8220; custom_padding_last_edited=&#8220;on|tablet&#8220; link_option_url=&#8220;@ET-DC@eyJkeW5hbWljIjp0cnVlLCJjb250ZW50IjoicG9zdF9saW5rX3VybF9wYWdlIiwic2V0dGluZ3MiOnsicG9zdF9pZCI6IjE1NyIsImVuYWJsZV9odG1sIjoib2ZmIn19@&#8220; box_shadow_style=&#8220;preset3&#8243; box_shadow_horizontal=&#8220;15px&#8220; box_shadow_vertical=&#8220;46px&#8220; box_shadow_blur=&#8220;64px&#8220; box_shadow_spread=&#8220;-20px&#8220; box_shadow_color=&#8220;rgba(1,4,66,0.44)&#8220; locked=&#8220;off&#8220; global_colors_info=&#8220;{}&#8220; background__hover_enabled=&#8220;on|hover&#8220; background_color__hover=&#8220;#B84221&#8243; text_text_color__hover=&#8220;#ffffff&#8220; background_enable_color__hover=&#8220;on&#8220;]<\/p>\n<p>Jetzt buchen<\/p>\n<p>[\/et_pb_text][\/et_pb_column][\/et_pb_section][et_pb_section fb_built=&#8220;1&#8243; custom_padding_last_edited=&#8220;on|phone&#8220; admin_label=&#8220;AMENITIES&#8220; _builder_version=&#8220;4.23.1&#8243; background_color=&#8220;#FBFAEF&#8220; custom_padding=&#8220;10vh|0px|10vh|0px|true|false&#8220; custom_padding_tablet=&#8220;5vh||5vh||true|false&#8220; custom_padding_phone=&#8220;3vh||3vh||true|false&#8220; locked=&#8220;off&#8220; global_colors_info=&#8220;{}&#8220;][et_pb_row column_structure=&#8220;2_3,1_3&#8243; custom_padding_last_edited=&#8220;on|phone&#8220; padding_left_right_link_4=&#8220;false&#8220; _builder_version=&#8220;4.23.1&#8243; background_color=&#8220;#ffffff&#8220; custom_margin_tablet=&#8220;|||&#8220; custom_margin_phone=&#8220;&#8220; custom_margin_last_edited=&#8220;on|tablet&#8220; custom_padding=&#8220;3vw|3vw|3vw|3vw|true|true&#8220; custom_padding_tablet=&#8220;||&#8220; custom_padding_phone=&#8220;&#8220; box_shadow_style=&#8220;preset3&#8243; box_shadow_vertical=&#8220;34px&#8220; box_shadow_blur=&#8220;100px&#8220; box_shadow_spread=&#8220;-16px&#8220; box_shadow_color=&#8220;rgba(0,0,0,0.14)&#8220; global_colors_info=&#8220;{}&#8220;][et_pb_column type=&#8220;2_3&#8243; _builder_version=&#8220;4.16&#8243; custom_padding=&#8220;|||&#8220; global_colors_info=&#8220;{}&#8220; custom_padding__hover=&#8220;|||&#8220;][et_pb_text _builder_version=&#8220;4.23.1&#8243; _module_preset=&#8220;default&#8220; text_text_color=&#8220;#110603&#8243; text_font_size=&#8220;1em&#8220; global_colors_info=&#8220;{}&#8220;]Diese neue 54 m\u00b2 gro\u00dfe Wohnung befindet sich im zweiten Stock in einem Wohngebiet in Neudorf und ist nur 5 Autominuten vom Flughafen Findel entfernt. Es ist buchst\u00e4blich der perfekte Ort f\u00fcr Gesch\u00e4ft und Freizeit!<\/p>\n<p>Diese warme Wohnung hat eine voll ausgestattete K\u00fcche mit K\u00fchlschrank mit Gefrierfach, Induktionskochfeld, Backofen und Mikrowelle, Kaffeemaschine und auch eine gro\u00dfe Auswahl an K\u00fcchenutensilien. Es gibt auch einen Essbereich und ein gro\u00dfes, helles Wohnzimmer mit einem Schlafsofa und einem Flachbildschirm-Smart-TV.<\/p>\n<p>Das Schlafzimmer verf\u00fcgt \u00fcber ein Doppelbett und einen gro\u00dfen Kleiderschrank zum Aufh\u00e4ngen Ihrer Kleidung.<\/p>\n<p>Die Wohnung verf\u00fcgt au\u00dferdem \u00fcber ein separates modernes Badezimmer mit begehbarer Dusche und WC sowie einem Doppelwaschbecken mit eingebautem Stauraum.<\/p>\n<p>Auf der Etage 0 befindet sich eine gemeinsam mit den anderen Bewohnern des Geb\u00e4udes genutzte Waschk\u00fcche, in der eine Waschmaschine und ein Trockner zur Verf\u00fcgung stehen.<\/p>\n<p>Ein Parkplatz in der Garage kann auf Anfrage reserviert werden, ebenso wie ein Babyreisebett.[\/et_pb_text][\/et_pb_column][et_pb_column type=&#8220;1_3&#8243; _builder_version=&#8220;4.23.1&#8243; custom_padding=&#8220;|||3vw|false|false&#8220; custom_padding_tablet=&#8220;|||0vw|false|false&#8220; custom_padding_phone=&#8220;|||0vw|false|false&#8220; custom_padding_last_edited=&#8220;on|tablet&#8220; border_width_left=&#8220;2px&#8220; border_color_left=&#8220;#B7AE33&#8243; border_width_left_tablet=&#8220;0px&#8220; border_width_left_phone=&#8220;0px&#8220; border_width_left_last_edited=&#8220;on|tablet&#8220; global_colors_info=&#8220;{}&#8220; custom_padding__hover=&#8220;|||&#8220;][et_pb_text _builder_version=&#8220;4.27.0&#8243; _module_preset=&#8220;default&#8220; header_4_font=&#8220;|||on|||||&#8220; global_colors_info=&#8220;{}&#8220;]<\/p>\n<h4>Annehmlichkeiten<\/h4>\n<ul>\n<li>Summer\/Drahtlose Gegensprechanlage<\/li>\n<li>Kaffeemaschine<\/li>\n<li>Kochgeschirr<\/li>\n<li>Esstisch<\/li>\n<li>Geschirrsp\u00fcler<\/li>\n<li>Trockner<\/li>\n<li>Ethernet<\/li>\n<li>Kostenloses Parken auf dem Gel\u00e4nde<\/li>\n<li>Gefrierschrank<\/li>\n<li>Haartrockner<\/li>\n<li>Aufh\u00e4nger<\/li>\n<li>Heizung<\/li>\n<li>Internet<\/li>\n<li>Eisen<\/li>\n<li>K\u00fcche<\/li>\n<li>Mikrowelle<\/li>\n<li>Smart-TV<\/li>\n<li>Rauchen nicht erlaubt<\/li>\n<li>Toilettenpapier und Seife<\/li>\n<li>Handt\u00fccher und Bettlaken<\/li>\n<li>TV<\/li>\n<li>Waschmaschine<\/li>\n<li>Drahtloses Internet<\/li>\n<\/ul>\n<p>[\/et_pb_text][\/et_pb_column][\/et_pb_row][et_pb_row _builder_version=&#8220;4.23.1&#8243; _module_preset=&#8220;default&#8220; custom_margin=&#8220;6vh||||false|false&#8220; custom_margin_tablet=&#8220;6vh||||false|false&#8220; custom_margin_phone=&#8220;2vh||||false|false&#8220; custom_margin_last_edited=&#8220;on|phone&#8220; global_colors_info=&#8220;{}&#8220;][et_pb_column type=&#8220;4_4&#8243; _builder_version=&#8220;4.23.1&#8243; _module_preset=&#8220;default&#8220; global_colors_info=&#8220;{}&#8220;][et_pb_accordion open_toggle_text_color=&#8220;#B7AE33&#8243; open_toggle_background_color=&#8220;RGBA(255,255,255,0)&#8220; closed_toggle_text_color=&#8220;#B7AE33&#8243; closed_toggle_background_color=&#8220;RGBA(255,255,255,0)&#8220; toggle_icon=&#8220;&#x4c;||divi||400&#8243; icon_color=&#8220;#B7AE33&#8243; _builder_version=&#8220;4.23.1&#8243; _module_preset=&#8220;default&#8220; toggle_text_color=&#8220;#B7AE33&#8243; toggle_font=&#8220;|||on|||||&#8220; body_text_color=&#8220;#110603&#8243; body_font_size=&#8220;1em&#8220; border_width_all=&#8220;0px&#8220; border_width_bottom=&#8220;2px&#8220; border_color_bottom=&#8220;#B7AE33&#8243; global_colors_info=&#8220;{}&#8220; toggle_icon__hover_enabled=&#8220;off|hover&#8220;][et_pb_accordion_item title=&#8220;\u00fcber&#8220; open=&#8220;on&#8220; _builder_version=&#8220;4.23.1&#8243; _module_preset=&#8220;default&#8220; global_colors_info=&#8220;{}&#8220;]<\/p>\n<p>507, rue de Neudorf &#8211; L-2220 Neudorf, Luxemburg<\/p>\n<p>NB: Mindestaufenthalt von 14 N\u00e4chten, bitte kontaktieren Sie uns per E-Mail an<span> <\/span><a href=\"mailto:reception@wakeupeschcity.lu\">reception@wakeupeschcity.lu<\/a><span> <\/span>im Falle einer besonderen Anfrage.<\/p>\n<p>[\/et_pb_accordion_item][et_pb_accordion_item title=&#8220;Anmerkungen&#8220; _builder_version=&#8220;4.23.1&#8243; _module_preset=&#8220;default&#8220; global_colors_info=&#8220;{}&#8220; open=&#8220;off&#8220;]<\/p>\n<p><b>Ankunfts- und Abfahrtszeiten:<\/b><\/p>\n<p>Check-in ab 14.00 Uhr, Termin f\u00fcr die Schl\u00fcssel\u00fcbergabe nach Vereinbarung mit der Einrichtung;  <\/p>\n<p>Abreise sp\u00e4testens um 10.00 Uhr, Treffen zur Schl\u00fcssel\u00fcbergabe nach Absprache mit der Einrichtung.<\/p>\n<p>[\/et_pb_accordion_item][et_pb_accordion_item title=&#8220;Transport&#8220; _builder_version=&#8220;4.23.1&#8243; _module_preset=&#8220;default&#8220; global_colors_info=&#8220;{}&#8220; open=&#8220;off&#8220;]<\/p>\n<p><span>Die Wohnung ist 6 Minuten zu Fu\u00df von der Bushaltestelle &#8222;Neudorf, Laangegronn&#8220; und 5 Minuten mit dem Auto vom Stadtzentrum entfernt.<\/span><\/p>\n<p>&nbsp;<\/p>\n<p>Klicken Sie auf den folgenden Link, um Zugang zu den Fahrpl\u00e4nen f\u00fcr die verschiedenen Verkehrsmittel zu erhalten<a href=\"https:\/\/www.mobiliteit.lu\/fr\/planificateur\/\" target=\"_blank\" rel=\"noopener\">: Hier!<\/a><\/p>\n<p>[\/et_pb_accordion_item][\/et_pb_accordion][\/et_pb_column][\/et_pb_row][\/et_pb_section][et_pb_section fb_built=&#8220;1&#8243; admin_label=&#8220;PHOTO GALLERY&#8220; _builder_version=&#8220;4.23.1&#8243; custom_padding=&#8220;||||false|false&#8220; global_colors_info=&#8220;{}&#8220;][et_pb_row column_structure=&#8220;1_2,1_4,1_4&#8243; use_custom_gutter=&#8220;on&#8220; gutter_width=&#8220;2&#8243; _builder_version=&#8220;4.16&#8243; max_width=&#8220;1440px&#8220; use_custom_width=&#8220;on&#8220; custom_width_px=&#8220;1440px&#8220; global_colors_info=&#8220;{}&#8220;][et_pb_column type=&#8220;1_2&#8243; _builder_version=&#8220;4.16&#8243; custom_padding=&#8220;|||&#8220; global_colors_info=&#8220;{}&#8220; custom_padding__hover=&#8220;|||&#8220;][et_pb_image src=&#8220;http:\/\/wakeupstr.lu\/wp-content\/uploads\/2024\/03\/photo-wakeupshortrentals-neudorf02-695&#215;750-1.jpg&#8220; alt=&#8220;foto-wakeupshortrentals-neudorf02-695&#215;750&#8243; title_text=&#8220;foto-wakeupshortrentals-neudorf02-695&#215;750&#8243; show_in_lightbox=&#8220;on&#8220; force_fullwidth=&#8220;on&#8220; align_tablet=&#8220;center&#8220; align_phone=&#8220;&#8220; align_last_edited=&#8220;on|desktop&#8220; _builder_version=&#8220;4.23.1&#8243; animation_style=&#8220;slide&#8220; animation_direction=&#8220;left&#8220; animation_intensity_slide=&#8220;5%&#8220; animation_starting_opacity=&#8220;100%&#8220; global_colors_info=&#8220;{}&#8220;][\/et_pb_image][\/et_pb_column][et_pb_column type=&#8220;1_4&#8243; _builder_version=&#8220;4.16&#8243; custom_padding=&#8220;|||&#8220; global_colors_info=&#8220;{}&#8220; custom_padding__hover=&#8220;|||&#8220;][et_pb_image src=&#8220;http:\/\/wakeupstr.lu\/wp-content\/uploads\/2024\/03\/photo-wakeupshortrentals-neudorf02-332x360_1.jpg&#8220; alt=&#8220;photo-wakeupshortrentals-neudorf02-332x360_1&#8243; title_text=&#8220;photo-wakeupshortrentals-neudorf02-332x360_1&#8243; show_in_lightbox=&#8220;on&#8220; force_fullwidth=&#8220;on&#8220; align_tablet=&#8220;center&#8220; align_phone=&#8220;&#8220; align_last_edited=&#8220;on|desktop&#8220; _builder_version=&#8220;4.23.1&#8243; animation_style=&#8220;slide&#8220; animation_direction=&#8220;top&#8220; animation_intensity_slide=&#8220;5%&#8220; animation_starting_opacity=&#8220;100%&#8220; locked=&#8220;off&#8220; global_colors_info=&#8220;{}&#8220;][\/et_pb_image][et_pb_image src=&#8220;http:\/\/wakeupstr.lu\/wp-content\/uploads\/2024\/03\/photo-wakeupshortrentals-neudorf02-332x360_3.jpg&#8220; alt=&#8220;photo-wakeupshortrentals-neudorf02-332x360_3&#8243; title_text=&#8220;photo-wakeupshortrentals-neudorf02-332x360_3&#8243; show_in_lightbox=&#8220;on&#8220; force_fullwidth=&#8220;on&#8220; align_tablet=&#8220;center&#8220; align_phone=&#8220;&#8220; align_last_edited=&#8220;on|desktop&#8220; _builder_version=&#8220;4.23.1&#8243; custom_margin=&#8220;|||&#8220; custom_padding=&#8220;15px|||&#8220; animation_style=&#8220;slide&#8220; animation_intensity_slide=&#8220;5%&#8220; animation_starting_opacity=&#8220;100%&#8220; locked=&#8220;off&#8220; global_colors_info=&#8220;{}&#8220;][\/et_pb_image][\/et_pb_column][et_pb_column type=&#8220;1_4&#8243; _builder_version=&#8220;4.16&#8243; custom_padding=&#8220;|||&#8220; global_colors_info=&#8220;{}&#8220; custom_padding__hover=&#8220;|||&#8220;][et_pb_image src=&#8220;http:\/\/wakeupstr.lu\/wp-content\/uploads\/2024\/03\/photo-wakeupshortrentals-neudorf02-332x360_2.jpg&#8220; alt=&#8220;photo-wakeupshortrentals-neudorf02-332x360_2&#8243; title_text=&#8220;photo-wakeupshortrentals-neudorf02-332x360_2&#8243; show_in_lightbox=&#8220;on&#8220; force_fullwidth=&#8220;on&#8220; align_tablet=&#8220;center&#8220; align_phone=&#8220;&#8220; align_last_edited=&#8220;on|desktop&#8220; _builder_version=&#8220;4.23.1&#8243; animation_style=&#8220;slide&#8220; animation_direction=&#8220;right&#8220; animation_intensity_slide=&#8220;5%&#8220; animation_starting_opacity=&#8220;100%&#8220; locked=&#8220;off&#8220; global_colors_info=&#8220;{}&#8220;][\/et_pb_image][et_pb_image src=&#8220;http:\/\/wakeupstr.lu\/wp-content\/uploads\/2024\/03\/photo-wakeupshortrentals-neudorf02-332x360_4.jpg&#8220; alt=&#8220;photo-wakeupshortrentals-neudorf02-332x360_4&#8243; title_text=&#8220;photo-wakeupshortrentals-neudorf02-332x360_4&#8243; show_in_lightbox=&#8220;on&#8220; force_fullwidth=&#8220;on&#8220; align_tablet=&#8220;center&#8220; align_phone=&#8220;&#8220; align_last_edited=&#8220;on|desktop&#8220; _builder_version=&#8220;4.23.1&#8243; custom_padding=&#8220;15px|||&#8220; animation_style=&#8220;slide&#8220; animation_direction=&#8220;right&#8220; animation_intensity_slide=&#8220;5%&#8220; animation_starting_opacity=&#8220;100%&#8220; locked=&#8220;off&#8220; global_colors_info=&#8220;{}&#8220;][\/et_pb_image][\/et_pb_column][\/et_pb_row][et_pb_row column_structure=&#8220;1_2,1_2&#8243; use_custom_gutter=&#8220;on&#8220; gutter_width=&#8220;2&#8243; _builder_version=&#8220;4.16&#8243; max_width=&#8220;1440px&#8220; custom_padding=&#8220;5px|||&#8220; use_custom_width=&#8220;on&#8220; custom_width_px=&#8220;1440px&#8220; global_colors_info=&#8220;{}&#8220;][et_pb_column type=&#8220;1_2&#8243; _builder_version=&#8220;4.16&#8243; custom_padding=&#8220;|||&#8220; global_colors_info=&#8220;{}&#8220; custom_padding__hover=&#8220;|||&#8220;][et_pb_image src=&#8220;http:\/\/wakeupstr.lu\/wp-content\/uploads\/2024\/03\/photo-wakeupshortrentals-neudorf02-695x360_1.jpg&#8220; alt=&#8220;photo-wakeupshortrentals-neudorf02-695x360_1&#8243; title_text=&#8220;photo-wakeupshortrentals-neudorf02-695x360_1&#8243; show_in_lightbox=&#8220;on&#8220; force_fullwidth=&#8220;on&#8220; align_tablet=&#8220;center&#8220; align_phone=&#8220;&#8220; align_last_edited=&#8220;on|desktop&#8220; _builder_version=&#8220;4.23.1&#8243; animation_style=&#8220;slide&#8220; animation_direction=&#8220;left&#8220; animation_intensity_slide=&#8220;5%&#8220; animation_starting_opacity=&#8220;100%&#8220; locked=&#8220;off&#8220; global_colors_info=&#8220;{}&#8220;][\/et_pb_image][\/et_pb_column][et_pb_column type=&#8220;1_2&#8243; _builder_version=&#8220;4.16&#8243; custom_padding=&#8220;|||&#8220; global_colors_info=&#8220;{}&#8220; custom_padding__hover=&#8220;|||&#8220;][et_pb_image src=&#8220;http:\/\/wakeupstr.lu\/wp-content\/uploads\/2024\/03\/photo-wakeupshortrentals-neudorf02-695x360_2.jpg&#8220; alt=&#8220;photo-wakeupshortrentals-neudorf02-695x360_2&#8243; title_text=&#8220;photo-wakeupshortrentals-neudorf02-695x360_2&#8243; show_in_lightbox=&#8220;on&#8220; force_fullwidth=&#8220;on&#8220; align_tablet=&#8220;center&#8220; align_phone=&#8220;&#8220; align_last_edited=&#8220;on|desktop&#8220; _builder_version=&#8220;4.23.1&#8243; animation_style=&#8220;slide&#8220; animation_direction=&#8220;right&#8220; animation_intensity_slide=&#8220;5%&#8220; animation_starting_opacity=&#8220;100%&#8220; locked=&#8220;off&#8220; global_colors_info=&#8220;{}&#8220;][\/et_pb_image][\/et_pb_column][\/et_pb_row][\/et_pb_section][et_pb_section fb_built=&#8220;1&#8243; admin_label=&#8220;BOOK&#8220; _builder_version=&#8220;4.23.1&#8243; _module_preset=&#8220;default&#8220; background_color=&#8220;#FBFAEF&#8220; global_colors_info=&#8220;{}&#8220;][et_pb_row _builder_version=&#8220;4.23.1&#8243; _module_preset=&#8220;default&#8220; global_colors_info=&#8220;{}&#8220;][et_pb_column type=&#8220;4_4&#8243; _builder_version=&#8220;4.23.1&#8243; _module_preset=&#8220;default&#8220; global_colors_info=&#8220;{}&#8220;][et_pb_code _builder_version=&#8220;4.23.1&#8243; _module_preset=&#8220;default&#8220; custom_css_main_element=&#8220;font-family: barlow !important;\t&#8220; global_colors_info=&#8220;{}&#8220;]<!-- [et_pb_line_break_holder] --><\/p>\n<div id=\"apartmentIframe1730441\"><!-- [et_pb_line_break_holder] --><!-- [et_pb_line_break_holder] -->BookingToolIframe.initialize({&#8222;url&#8220;: &#8222;https:\/\/login.smoobu.com\/fr\/booking-tool\/iframe\/124735\/1730441&#8220;, &#8222;baseUrl&#8220;: &#8222;https:\/\/login.smoobu.com&#8220;, &#8222;target&#8220;: &#8222;#apartmentIframe1730441&#8220;})<!-- [et_pb_line_break_holder] --><\/div>\n<p><!-- [et_pb_line_break_holder] -->[\/et_pb_code][et_pb_code admin_label=&#8220;VERF\u00dcGBARKEITEN&#8220; _builder_version=&#8220;4.25.1&#8243; _module_preset=&#8220;default&#8220; custom_css_free_form=&#8220;.multiCalendarWidget {||    max-width: 1000px !important;||    width: 100% !important;||    display: inline-table !important;||    background: transparent !important;||    color: #212529 !important;||    font: 300 100% \/ 1.5em &#8218;Barlow&#8216;, sans-serif !important;||    margin: 0 !important;||    padding-top: 20px !important;||    border-radius: 10px;||}||||.multiCalendarWidget .singleCalendarWidget table tbody, .multiCalendarWidget .singleCalendarWidget h2 table tbody {||    color: #212529 !important;||}||||.multiCalendarWidget .singleCalendarWidget table td.arrival, .multiCalendarWidget .singleCalendarWidget h2 table td.arrival {||    background: linear-gradient(to right bottom, transparent 50%, #B84221 50%) !important;||}||||.multiCalendarWidget .singleCalendarWidget table td.departure, .multiCalendarWidget .singleCalendarWidget h2 table td.departure {||    background: linear-gradient(to right bottom, #B84221 50%, transparent 50%) !important;||}||||.multiCalendarWidget .singleCalendarWidget table td.normal, .multiCalendarWidget .singleCalendarWidget h2 table td.normal {||    background-color: #B84221 !important;||}||||.entry-content table:not(.variations) {||    border: 1px solid #b7ae33;||    margin: 0 0 15px;||    text-align: left;||    width: 100%;||}||||.entry-content tr td {||    border-top: 1px solid #b7ae33;||    padding: 6px 24px;||}||&#8220; global_colors_info=&#8220;{}&#8220;]<\/p>\n<div id=\"smoobuApartment1730441en\" class=\"calendarWidget\">\n<div class=\"calendarContent\" data-load-calendar-url=\"https:\/\/login.smoobu.com\/en\/cockpit\/widget\/single-calendar\/1730441\" data-verification=\"c458425b3c4e067c903f6b58d22f9c79c740377f072bd44dc74364484bf7e145\" data-baseurl=\"https:\/\/login.smoobu.com\" data-disable-css=\"false\"><\/div>\n<\/p><\/div>\n<p>[\/et_pb_code][\/et_pb_column][\/et_pb_row][\/et_pb_section]<\/p>\n","protected":false},"excerpt":{"rendered":"<p>Wohnung Neudorf &#8211; 02Von 125 \u20ac NachtJetzt buchenDiese neue 54 m\u00b2 gro\u00dfe Wohnung befindet sich im zweiten Stock in einem Wohngebiet in Neudorf und ist nur 5 Autominuten vom Flughafen Findel entfernt. Es ist buchst\u00e4blich der perfekte Ort f\u00fcr Gesch\u00e4ft und Freizeit! Diese warme Wohnung hat eine voll ausgestattete K\u00fcche mit K\u00fchlschrank mit Gefrierfach, Induktionskochfeld, [&hellip;]<\/p>\n","protected":false},"author":3,"featured_media":0,"parent":0,"menu_order":0,"comment_status":"closed","ping_status":"closed","template":"","meta":{"_et_pb_use_builder":"on","_et_pb_old_content":"","_et_gb_content_width":"","footnotes":""},"class_list":["post-906","page","type-page","status-publish","hentry"],"_links":{"self":[{"href":"https:\/\/wakeupstr.lu\/de\/wp-json\/wp\/v2\/pages\/906","targetHints":{"allow":["GET"]}}],"collection":[{"href":"https:\/\/wakeupstr.lu\/de\/wp-json\/wp\/v2\/pages"}],"about":[{"href":"https:\/\/wakeupstr.lu\/de\/wp-json\/wp\/v2\/types\/page"}],"author":[{"embeddable":true,"href":"https:\/\/wakeupstr.lu\/de\/wp-json\/wp\/v2\/users\/3"}],"replies":[{"embeddable":true,"href":"https:\/\/wakeupstr.lu\/de\/wp-json\/wp\/v2\/comments?post=906"}],"version-history":[{"count":18,"href":"https:\/\/wakeupstr.lu\/de\/wp-json\/wp\/v2\/pages\/906\/revisions"}],"predecessor-version":[{"id":2320,"href":"https:\/\/wakeupstr.lu\/de\/wp-json\/wp\/v2\/pages\/906\/revisions\/2320"}],"wp:attachment":[{"href":"https:\/\/wakeupstr.lu\/de\/wp-json\/wp\/v2\/media?parent=906"}],"curies":[{"name":"wp","href":"https:\/\/api.w.org\/{rel}","templated":true}]}}