{"id":826,"date":"2024-03-15T14:15:14","date_gmt":"2024-03-15T13:15:14","guid":{"rendered":"https:\/\/wakeupstr.lu\/oeffentliche-verkehrsmittel\/"},"modified":"2026-03-17T05:15:22","modified_gmt":"2026-03-17T04:15:22","slug":"oeffentliche-verkehrsmittel","status":"publish","type":"page","link":"https:\/\/wakeupstr.lu\/de\/oeffentliche-verkehrsmittel\/","title":{"rendered":"\u00d6ffentliche Verkehrsmittel"},"content":{"rendered":"<p>[et_pb_section fb_built=&#8220;1&#8243; admin_label=&#8220;HERO &#8220; _builder_version=&#8220;4.23.1&#8243; use_background_color_gradient=&#8220;on&#8220; background_color_gradient_type=&#8220;circular&#8220; background_color_gradient_direction_radial=&#8220;top left&#8220; background_color_gradient_stops=&#8220;#fbfaef 0%|rgba(255,255,255,0) 100%&#8220; background_color_gradient_overlays_image=&#8220;on&#8220; background_color_gradient_start=&#8220;rgba(255,255,255,0.89)&#8220; background_color_gradient_start_position=&#8220;30%&#8220; background_color_gradient_end=&#8220;rgba(255,255,255,0)&#8220; background_color_gradient_end_position=&#8220;80%&#8220; background_image=&#8220;http:\/\/wakeupstr.lu\/wp-content\/uploads\/2024\/03\/photo-wakeupshortrentals-publi-transportation.jpg&#8220; parallax=&#8220;on&#8220; custom_margin=&#8220;|||&#8220; custom_padding=&#8220;8vw||8vw||true&#8220; bottom_divider_style=&#8220;slant2&#8243; bottom_divider_color=&#8220;#FFFFFF&#8220; bottom_divider_height=&#8220;117px&#8220; bottom_divider_repeat=&#8220;1x&#8220; bottom_divider_flip=&#8220;horizontal&#8220; locked=&#8220;off&#8220; collapsed=&#8220;off&#8220; global_colors_info=&#8220;{}&#8220; theme_builder_area=&#8220;post_content&#8220;][et_pb_row _builder_version=&#8220;4.23.1&#8243; max_width=&#8220;890px&#8220; global_colors_info=&#8220;{}&#8220; theme_builder_area=&#8220;post_content&#8220;][et_pb_column type=&#8220;4_4&#8243; _builder_version=&#8220;4.16&#8243; custom_padding=&#8220;|||&#8220; global_colors_info=&#8220;{}&#8220; custom_padding__hover=&#8220;|||&#8220; theme_builder_area=&#8220;post_content&#8220;][et_pb_text _builder_version=&#8220;4.23.1&#8243; text_font=&#8220;||||||||&#8220; text_text_color=&#8220;#110603&#8243; header_font=&#8220;Barlow|800|||||||&#8220; header_text_align=&#8220;left&#8220; header_text_color=&#8220;#110603&#8243; header_font_size=&#8220;56px&#8220; header_line_height=&#8220;1.4em&#8220; header_2_font=&#8220;Barlow|700|||||||&#8220; header_2_text_align=&#8220;left&#8220; header_2_text_color=&#8220;#110603&#8243; header_2_font_size=&#8220;48px&#8220; header_2_line_height=&#8220;1.3em&#8220; header_3_font=&#8220;Barlow|700|||||||&#8220; header_3_text_align=&#8220;left&#8220; header_3_text_color=&#8220;#110603&#8243; header_3_font_size=&#8220;34px&#8220; header_3_line_height=&#8220;1.3em&#8220; header_4_font=&#8220;Barlow|700||on|||||&#8220; header_4_text_align=&#8220;left&#8220; header_4_text_color=&#8220;#B7AE33&#8243; header_4_font_size=&#8220;1em&#8220; header_4_letter_spacing=&#8220;8px&#8220; header_4_line_height=&#8220;1.4em&#8220; animation_style=&#8220;zoom&#8220; animation_intensity_zoom=&#8220;5%&#8220; global_colors_info=&#8220;{}&#8220; theme_builder_area=&#8220;post_content&#8220;]<\/p>\n<h4 style=\"text-align: left\">Kurzzeitvermietungen aufwecken<\/h4>\n<h1>\u00d6ffentliche Verkehrsmittel<\/h1>\n<p>[\/et_pb_text][\/et_pb_column][\/et_pb_row][\/et_pb_section][et_pb_section fb_built=&#8220;1&#8243; admin_label=&#8220;Header&#8220; _builder_version=&#8220;4.17.6&#8243; _module_preset=&#8220;default&#8220; collapsed=&#8220;on&#8220; global_colors_info=&#8220;{}&#8220; theme_builder_area=&#8220;post_content&#8220;][et_pb_row _builder_version=&#8220;4.17.6&#8243; _module_preset=&#8220;default&#8220; max_width=&#8220;890px&#8220; global_colors_info=&#8220;{}&#8220; theme_builder_area=&#8220;post_content&#8220;][et_pb_column type=&#8220;4_4&#8243; _builder_version=&#8220;4.17.6&#8243; _module_preset=&#8220;default&#8220; global_colors_info=&#8220;{}&#8220; theme_builder_area=&#8220;post_content&#8220;][et_pb_text _builder_version=&#8220;4.23.1&#8243; _module_preset=&#8220;1f09816e-184e-4ce5-a4cf-b39c52c423ca&#8220; text_font=&#8220;||||||||&#8220; text_text_color=&#8220;#110603&#8243; text_font_size=&#8220;1em&#8220; link_text_color=&#8220;#B7AE33&#8243; text_font_size_last_edited=&#8220;off|desktop&#8220; header_font_size_tablet=&#8220;55px&#8220; header_font_size_last_edited=&#8220;off|desktop&#8220; text_orientation_last_edited=&#8220;off|phone&#8220; global_colors_info=&#8220;{}&#8220; link_text_color__hover_enabled=&#8220;on|desktop&#8220; link_text_color__hover=&#8220;#B84221&#8243; theme_builder_area=&#8220;post_content&#8220;]<\/p>\n<h2>NEUDORF<\/h2>\n<p>Die Wohnungen sind 6 Minuten zu Fu\u00df von der Bushaltestelle &#8222;Neudorf, Laangegronn&#8220; und 5 Minuten mit dem Auto vom Stadtzentrum entfernt.<\/p>\n<p>Klicken Sie auf den folgenden Link, um Zugang zu den Fahrpl\u00e4nen f\u00fcr die verschiedenen Verkehrsmittel zu erhalten: <a href=\"https:\/\/www.mobiliteit.lu\/fr\/planificateur\/\">Hier!<\/a><\/p>\n<h2>ESCH-SUR-ALZETTE<\/h2>\n<p>Klicken Sie auf den folgenden Link, um Zugang zu erhalten  <a href=\"https:\/\/www.mobiliteit.lu\/fr\/horaires-et-lignes\/bus\/?operator=all&amp;region=all&amp;communes=Esch-sur-Alzette&amp;searchKeyword=esch\">  Esch-sur-Alzette BUS Linien &amp; Fahrpl\u00e4ne.<\/a><\/p>\n<p>Tipp! Eine Bushaltestelle mit dem Namen &#8222;Esch-sur-Alzette, Rue Large&#8220; befindet sich auf der anderen Stra\u00dfenseite, nur 1 Minute Fu\u00dfweg von unserem Haus entfernt.<\/p>\n<p>Klicken Sie auf den folgenden Link, um die <a href=\"https:\/\/www.cfl.lu\/fr-fr\/timetable\">Fahrpl\u00e4ne von TRAIN\/BUS\/TRAM\/FUNICULAR in Luxemburg aufzurufen .<\/a><\/p>\n<p>Tipp! Der Bahnhof Esch ist nur 10 Minuten zu Fu\u00df von unseren Studios entfernt.<\/p>\n<h2>BELVAL<\/h2>\n<p>Es gibt mehrere Transportm\u00f6glichkeiten, um nach Belval zu gelangen:<\/p>\n<p>Zug: Der Bahnhof Belval-Universit\u00e9 liegt in der N\u00e4he des Viertels und wird von Z\u00fcgen der Linie CFL 60 bedient, die Luxemburg-Stadt mit Rodange verbindet.<\/p>\n<p>Bus: Der Busbahnhof Belval-Plaza wird von mehreren Buslinien sowie von kostenlosen Campus-Shuttles angefahren. Die Buslinien 321, 322, 325 und 335 sind die Hauptlinien, die Belval bedienen.<\/p>\n<p>Auto: Es ist m\u00f6glich, Belval mit dem Auto zu erreichen. \u00d6ffentliche und private Parkpl\u00e4tze stehen vor Ort zur Verf\u00fcgung.<\/p>\n<p>Radfahren: Belval ist durch Radwege gut erschlossen, und man kann sich in der Umgebung leicht mit dem Fahrrad fortbewegen. Au\u00dferdem stehen den Nutzern gemeinsame Fahrradstationen zur Verf\u00fcgung.<\/p>\n<p>Der Zugang zu Belval ist einfach und vielf\u00e4ltig, je nach den Vorlieben und Bed\u00fcrfnissen der G\u00e4ste.<\/p>\n<p>Klicken Sie auf den folgenden Link, um Zugang zu den Fahrpl\u00e4nen f\u00fcr die verschiedenen Verkehrsmittel zu erhalten: <a href=\"https:\/\/www.mobiliteit.lu\/en\">Hier!<\/a>[\/et_pb_text][\/et_pb_column][\/et_pb_row][\/et_pb_section][et_pb_section fb_built=&#8220;1&#8243; admin_label=&#8220;Testimonials&#8220; _builder_version=&#8220;4.23.1&#8243; _module_preset=&#8220;default&#8220; background_color=&#8220;#B7AE33&#8243; animation_style=&#8220;slide&#8220; animation_direction=&#8220;bottom&#8220; animation_delay=&#8220;100ms&#8220; locked=&#8220;off&#8220; collapsed=&#8220;on&#8220; global_colors_info=&#8220;{}&#8220; theme_builder_area=&#8220;post_content&#8220;][et_pb_row _builder_version=&#8220;4.23.1&#8243; _module_preset=&#8220;default&#8220; max_width=&#8220;100%&#8220; global_colors_info=&#8220;{}&#8220; theme_builder_area=&#8220;post_content&#8220;][et_pb_column type=&#8220;4_4&#8243; _builder_version=&#8220;4.17.6&#8243; _module_preset=&#8220;default&#8220; global_colors_info=&#8220;{}&#8220; theme_builder_area=&#8220;post_content&#8220;][et_pb_text _builder_version=&#8220;4.23.1&#8243; _module_preset=&#8220;b327cbe4-b1d5-4b66-ad37-40c8f2f061ba&#8220; header_2_font=&#8220;|700|||||||&#8220; header_2_text_color=&#8220;#FBFAEF&#8220; header_2_font_size=&#8220;3em&#8220; header_2_line_height=&#8220;1.4em&#8220; text_orientation=&#8220;center&#8220; header_2_font_size_tablet=&#8220;32px&#8220; header_2_font_size_phone=&#8220;20px&#8220; header_2_font_size_last_edited=&#8220;on|desktop&#8220; global_colors_info=&#8220;{}&#8220; theme_builder_area=&#8220;post_content&#8220;]<\/p>\n<h2>Was unsere Kunden sagen<\/h2>\n<p>[\/et_pb_text][\/et_pb_column][\/et_pb_row][et_pb_row custom_padding_last_edited=&#8220;on|tablet&#8220; _builder_version=&#8220;4.23.1&#8243; _module_preset=&#8220;default&#8220; background_color=&#8220;RGBA(255,255,255,0)&#8220; custom_padding_tablet=&#8220;||0px||false|false&#8220; custom_padding_phone=&#8220;||0px||false|false&#8220; global_colors_info=&#8220;{}&#8220; theme_builder_area=&#8220;post_content&#8220;][et_pb_column type=&#8220;4_4&#8243; _builder_version=&#8220;4.23.1&#8243; _module_preset=&#8220;default&#8220; background_color=&#8220;RGBA(255,255,255,0)&#8220; custom_padding=&#8220;30px|30px|30px|30px|true|true&#8220; custom_padding_tablet=&#8220;30px|30px|30px|30px|true|true&#8220; custom_padding_phone=&#8220;20px|20px|20px|20px|true|true&#8220; custom_padding_last_edited=&#8220;on|desktop&#8220; global_colors_info=&#8220;{}&#8220; theme_builder_area=&#8220;post_content&#8220;][et_pb_code _builder_version=&#8220;4.23.1&#8243; _module_preset=&#8220;default&#8220; background_color=&#8220;RGBA(255,255,255,0)&#8220; global_colors_info=&#8220;{}&#8220; theme_builder_area=&#8220;post_content&#8220;]<!-- [et_pb_line_break_holder] --><\/p>\n<div class=\"elfsight-app-ab55a396-b818-4bb7-bf81-e1e0ca4c497c\" data-elfsight-app-lazy=\"\"><\/div>\n<p>[\/et_pb_code][\/et_pb_column][\/et_pb_row][\/et_pb_section][et_pb_section fb_built=&#8220;1&#8243; admin_label=&#8220;Call to Action&#8220; _builder_version=&#8220;4.17.6&#8243; _module_preset=&#8220;default&#8220; collapsed=&#8220;on&#8220; global_colors_info=&#8220;{}&#8220; theme_builder_area=&#8220;post_content&#8220;][et_pb_row column_structure=&#8220;3_5,2_5&#8243; _builder_version=&#8220;4.17.6&#8243; _module_preset=&#8220;default&#8220; global_colors_info=&#8220;{}&#8220; theme_builder_area=&#8220;post_content&#8220;][et_pb_column type=&#8220;3_5&#8243; _builder_version=&#8220;4.17.6&#8243; _module_preset=&#8220;default&#8220; custom_padding=&#8220;10%||||false|false&#8220; custom_padding_tablet=&#8220;0%||||false|false&#8220; custom_padding_phone=&#8220;0%||||false|false&#8220; custom_padding_last_edited=&#8220;on|tablet&#8220; global_colors_info=&#8220;{}&#8220; theme_builder_area=&#8220;post_content&#8220;][et_pb_text _builder_version=&#8220;4.23.1&#8243; _module_preset=&#8220;e6504a1b-67eb-4b3d-b023-bcab277610b6&#8243; header_4_font=&#8220;|700||on|||||&#8220; header_4_text_color=&#8220;#B7AE33&#8243; header_4_font_size=&#8220;1em&#8220; header_4_letter_spacing=&#8220;1em&#8220; header_4_line_height=&#8220;1.4em&#8220; custom_margin=&#8220;||0px||false|false&#8220; animation_style=&#8220;slide&#8220; animation_direction=&#8220;bottom&#8220; animation_delay=&#8220;100ms&#8220; header_4_letter_spacing_tablet=&#8220;1em&#8220; header_4_letter_spacing_phone=&#8220;0em&#8220; header_4_letter_spacing_last_edited=&#8220;on|phone&#8220; locked=&#8220;off&#8220; global_colors_info=&#8220;{}&#8220; theme_builder_area=&#8220;post_content&#8220;]<\/p>\n<h4>Kontakt aufnehmen<\/h4>\n<p>[\/et_pb_text][et_pb_text _builder_version=&#8220;4.23.1&#8243; _module_preset=&#8220;b327cbe4-b1d5-4b66-ad37-40c8f2f061ba&#8220; header_2_font=&#8220;|700|||||||&#8220; header_2_text_color=&#8220;#110603&#8243; header_2_font_size=&#8220;3em&#8220; header_2_line_height=&#8220;1.4em&#8220; custom_margin=&#8220;||10px||false|false&#8220; animation_style=&#8220;slide&#8220; animation_direction=&#8220;bottom&#8220; animation_delay=&#8220;100ms&#8220; header_2_font_size_tablet=&#8220;&#8220; header_2_font_size_phone=&#8220;1.5em&#8220; header_2_font_size_last_edited=&#8220;on|phone&#8220; locked=&#8220;off&#8220; global_colors_info=&#8220;{}&#8220; link_text_color__hover_enabled=&#8220;on|hover&#8220; link_text_color__hover=&#8220;#B7AE33&#8243; theme_builder_area=&#8220;post_content&#8220;]<\/p>\n<h2>Rufen Sie uns an: <a href=\"tel:0035228800240\">(+352) 28 80 02 40<\/a><\/h2>\n<p>[\/et_pb_text][et_pb_button button_url=&#8220;@ET-DC@eyJkeW5hbWljIjp0cnVlLCJjb250ZW50IjoicG9zdF9saW5rX3VybF9wYWdlIiwic2V0dGluZ3MiOnsicG9zdF9pZCI6IjQ4IiwiZW5hYmxlX2h0bWwiOiJvZmYifX0=@&#8220; button_text=&#8220;Senden Sie uns eine Nachricht&#8220; button_alignment=&#8220;left&#8220; _builder_version=&#8220;4.23.1&#8243; _dynamic_attributes=&#8220;button_url&#8220; _module_preset=&#8220;31b4f027-aaa0-4f2f-ae02-959764e19e4f&#8220; custom_button=&#8220;on&#8220; button_text_size=&#8220;14px&#8220; button_text_color=&#8220;#FBFAEF&#8220; button_bg_color=&#8220;#B7AE33&#8243; button_border_width=&#8220;0px&#8220; button_border_color=&#8220;RGBA(255,255,255,0)&#8220; button_border_radius=&#8220;0px&#8220; button_font=&#8220;|700||on|||||&#8220; button_use_icon=&#8220;off&#8220; custom_padding=&#8220;16px|24px|16px|24px|true|true&#8220; animation_style=&#8220;slide&#8220; animation_delay=&#8220;100ms&#8220; locked=&#8220;off&#8220; global_colors_info=&#8220;{}&#8220; button_text_color__hover=&#8220;#B7AE33&#8243; button_text_color__hover_enabled=&#8220;on|hover&#8220; button_bg_color__hover=&#8220;RGBA(255,255,255,0)&#8220; button_bg_color__hover_enabled=&#8220;on|hover&#8220; button_border_width__hover=&#8220;1px&#8220; button_border_width__hover_enabled=&#8220;on|hover&#8220; button_border_color__hover=&#8220;#B7AE33&#8243; button_border_color__hover_enabled=&#8220;on|hover&#8220; theme_builder_area=&#8220;post_content&#8220;][\/et_pb_button][\/et_pb_column][et_pb_column type=&#8220;2_5&#8243; _builder_version=&#8220;4.17.6&#8243; _module_preset=&#8220;default&#8220; global_colors_info=&#8220;{}&#8220; theme_builder_area=&#8220;post_content&#8220;][et_pb_image src=&#8220;http:\/\/wakeupstr.lu\/wp-content\/uploads\/2024\/03\/photo-wakeupshortrentals-callus.jpg&#8220; alt=&#8220;foto-wakeupshortrentals-callus&#8220; title_text=&#8220;foto-wakeupshortrentals-callus&#8220; _builder_version=&#8220;4.23.1&#8243; _module_preset=&#8220;default&#8220; animation_style=&#8220;slide&#8220; animation_direction=&#8220;right&#8220; animation_delay=&#8220;100ms&#8220; global_colors_info=&#8220;{}&#8220; theme_builder_area=&#8220;post_content&#8220;][\/et_pb_image][\/et_pb_column][\/et_pb_row][\/et_pb_section]<\/p>\n","protected":false},"excerpt":{"rendered":"<p>Kurzzeitvermietungen aufwecken \u00d6ffentliche VerkehrsmittelNEUDORF Die Wohnungen sind 6 Minuten zu Fu\u00df von der Bushaltestelle &#8222;Neudorf, Laangegronn&#8220; und 5 Minuten mit dem Auto vom Stadtzentrum entfernt. Klicken Sie auf den folgenden Link, um Zugang zu den Fahrpl\u00e4nen f\u00fcr die verschiedenen Verkehrsmittel zu erhalten: Hier! ESCH-SUR-ALZETTE Klicken Sie auf den folgenden Link, um Zugang zu erhalten Esch-sur-Alzette [&hellip;]<\/p>\n","protected":false},"author":3,"featured_media":0,"parent":0,"menu_order":0,"comment_status":"closed","ping_status":"closed","template":"","meta":{"_et_pb_use_builder":"on","_et_pb_old_content":"","_et_gb_content_width":"","footnotes":""},"class_list":["post-826","page","type-page","status-publish","hentry"],"_links":{"self":[{"href":"https:\/\/wakeupstr.lu\/de\/wp-json\/wp\/v2\/pages\/826","targetHints":{"allow":["GET"]}}],"collection":[{"href":"https:\/\/wakeupstr.lu\/de\/wp-json\/wp\/v2\/pages"}],"about":[{"href":"https:\/\/wakeupstr.lu\/de\/wp-json\/wp\/v2\/types\/page"}],"author":[{"embeddable":true,"href":"https:\/\/wakeupstr.lu\/de\/wp-json\/wp\/v2\/users\/3"}],"replies":[{"embeddable":true,"href":"https:\/\/wakeupstr.lu\/de\/wp-json\/wp\/v2\/comments?post=826"}],"version-history":[{"count":15,"href":"https:\/\/wakeupstr.lu\/de\/wp-json\/wp\/v2\/pages\/826\/revisions"}],"predecessor-version":[{"id":2644,"href":"https:\/\/wakeupstr.lu\/de\/wp-json\/wp\/v2\/pages\/826\/revisions\/2644"}],"wp:attachment":[{"href":"https:\/\/wakeupstr.lu\/de\/wp-json\/wp\/v2\/media?parent=826"}],"curies":[{"name":"wp","href":"https:\/\/api.w.org\/{rel}","templated":true}]}}