{"id":808,"date":"2024-03-15T11:57:32","date_gmt":"2024-03-15T10:57:32","guid":{"rendered":"https:\/\/wakeupstr.lu\/kontakt\/"},"modified":"2026-04-02T08:13:26","modified_gmt":"2026-04-02T07:13:26","slug":"kontakt","status":"publish","type":"page","link":"https:\/\/wakeupstr.lu\/de\/kontakt\/","title":{"rendered":"Kontakt"},"content":{"rendered":"<p>[et_pb_section fb_built=&#8220;1&#8243; admin_label=&#8220;Header &amp; Contact Info&#8220; _builder_version=&#8220;4.24.2&#8243; _module_preset=&#8220;default&#8220; locked=&#8220;off&#8220; collapsed=&#8220;on&#8220; global_colors_info=&#8220;{}&#8220;][et_pb_row _builder_version=&#8220;4.21.0&#8243; _module_preset=&#8220;default&#8220; global_colors_info=&#8220;{}&#8220;][et_pb_column type=&#8220;4_4&#8243; _builder_version=&#8220;4.21.0&#8243; _module_preset=&#8220;default&#8220; global_colors_info=&#8220;{}&#8220;][et_pb_text _builder_version=&#8220;4.23.1&#8243; _module_preset=&#8220;c7b40775-b5e2-4787-add3-31d3062a068d&#8220; header_font=&#8220;||||||||&#8220; header_font_size=&#8220;4em&#8220; header_4_text_color=&#8220;#B7AE33&#8243; global_colors_info=&#8220;{}&#8220;]<\/p>\n<h1>Kontakt<\/h1>\n<h4>Haben Sie eine Frage oder einen Kommentar?<br \/>Wir w\u00fcrden uns freuen, von Ihnen zu h\u00f6ren!<\/h4>\n<p>[\/et_pb_text][\/et_pb_column][\/et_pb_row][et_pb_row column_structure=&#8220;2_5,3_5&#8243; _builder_version=&#8220;4.21.0&#8243; _module_preset=&#8220;default&#8220; global_colors_info=&#8220;{}&#8220;][et_pb_column type=&#8220;2_5&#8243; _builder_version=&#8220;4.21.0&#8243; _module_preset=&#8220;default&#8220; global_colors_info=&#8220;{}&#8220;][et_pb_text _builder_version=&#8220;4.23.1&#8243; _module_preset=&#8220;92ef7c8e-d1b3-4cbe-a361-01dcd4b3d643&#8243; custom_margin=&#8220;||0px||false|false&#8220; global_colors_info=&#8220;{}&#8220;]<\/p>\n<h3>Rufen Sie uns an<\/h3>\n<p>[\/et_pb_text][et_pb_text _builder_version=&#8220;4.23.1&#8243; _module_preset=&#8220;8c7b6813-d8b3-4390-a05d-5a7c3f75e8ac&#8220; global_colors_info=&#8220;{}&#8220; header_4_text_color__hover_enabled=&#8220;on|desktop&#8220; header_4_text_color__hover=&#8220;#B7AE33&#8243;]<\/p>\n<h4><a href=\"tel:0035228800240\">(+352) 28 80 02 40<\/a><\/h4>\n<p>[\/et_pb_text][et_pb_text _builder_version=&#8220;4.23.1&#8243; _module_preset=&#8220;92ef7c8e-d1b3-4cbe-a361-01dcd4b3d643&#8243; custom_margin=&#8220;||0px||false|false&#8220; global_colors_info=&#8220;{}&#8220;]<\/p>\n<h3>E-Mail<\/h3>\n<p>[\/et_pb_text][et_pb_text _builder_version=&#8220;4.24.2&#8243; _module_preset=&#8220;f2953f5e-eb0d-4802-a991-8ef4cfa92c25&#8243; link_text_color=&#8220;#110603&#8243; global_colors_info=&#8220;{}&#8220; link_text_color__hover_enabled=&#8220;on|hover&#8220; link_text_color__hover=&#8220;#B7AE33&#8243;]<a href=\"mailto:reception@wakeupstr.lu\">reception@wakeupstr.lu<\/a>[\/et_pb_text][et_pb_text _builder_version=&#8220;4.23.1&#8243; _module_preset=&#8220;92ef7c8e-d1b3-4cbe-a361-01dcd4b3d643&#8243; custom_margin=&#8220;||0px||false|false&#8220; global_colors_info=&#8220;{}&#8220;]<\/p>\n<h3>Adresse<\/h3>\n<p>[\/et_pb_text][et_pb_text _builder_version=&#8220;4.23.1&#8243; _module_preset=&#8220;f2953f5e-eb0d-4802-a991-8ef4cfa92c25&#8243; link_text_color=&#8220;gcid-9c2b1d03-730f-4a4a-96c1-7a483c6994a2&#8243; custom_margin=&#8220;||0px||false|false&#8220; global_colors_info=&#8220;{%22gcid-9c2b1d03-730f-4a4a-96c1-7a483c6994a2%22:%91%22link_text_color%22%93}&#8220;]59, Route de Longwy<br \/>L-8080 Bertrange<br \/>Luxemburg[\/et_pb_text][\/et_pb_column][et_pb_column type=&#8220;3_5&#8243; _builder_version=&#8220;4.21.0&#8243; _module_preset=&#8220;default&#8220; global_colors_info=&#8220;{}&#8220;][et_pb_contact_form email=&#8220;reception@wakeupstr.lu&#8220; custom_message=&#8220;NAME|et_pb_line_break_holder||%%name%%||et_pb_line_break_holder||&#8212;&#8211;|et_pb_line_break_holder||||et_pb_line_break_holder||EMAIL||et_pb_line_break_holder||%%email%%||et_pb_line_break_holder|&#8212;&#8211;|et_pb_line_break_holder||||et_pb_line_break_holder||MESSAGE||et_pb_line_break_holder||%%message%%&#8220; success_message=&#8220;Vielen Dank, dass Sie sich gemeldet haben! Ihre Nachricht wurde erfolgreich gesendet. Wir freuen uns \u00fcber Ihr Interesse an Wake Up Short Term Rentals. Unser engagiertes Team wird sich so schnell wie m\u00f6glich um Ihre Anfrage k\u00fcmmern. Sollten Sie dringende Fragen haben, k\u00f6nnen Sie uns gerne unter (+352) 28 80 02 40 oder per E-Mail unter reception@wakeupstr.lu kontaktieren. F\u00fchlen Sie sich in unseren Mauern wie zu Hause.     &#8220; _builder_version=&#8220;4.27.5&#8243; _module_preset=&#8220;3bd3a8d3-1d23-45ce-8639-769a5954bc88&#8243; button_text_size=&#8220;1em&#8220; button_text_color=&#8220;#FBFAEF&#8220; button_bg_color=&#8220;#B7AE33&#8243; button_border_width=&#8220;1px&#8220; button_border_color=&#8220;#B7AE33&#8243; button_font=&#8220;Barlow|700||on|||||&#8220; button_use_icon=&#8220;off&#8220; button_custom_padding=&#8220;15px|20px|15px|20px|true|true&#8220; hover_enabled=&#8220;0&#8243; border_color_all=&#8220;gcid-73408ef3-8d7e-4e2c-a307-3f6f154d7ffc&#8220; locked=&#8220;off&#8220; global_colors_info=&#8220;{%22gcid-73408ef3-8d7e-4e2c-a307-3f6f154d7ffc%22:%91%22button_bg_color%22,%22border_color_all%22%93,%22gcid-0dd65ac1-b501-41d8-8d6b-bb3a9daf5c2a%22:%91%22button_text_color%22,%22form_field_text_color%22%93}&#8220; button_text_color__hover_enabled=&#8220;on|hover&#8220; button_text_color__hover=&#8220;#B7AE33&#8243; button_bg_color__hover_enabled=&#8220;on|hover&#8220; button_bg_color__hover=&#8220;#FFFFFF&#8220; button_bg_enable_color__hover=&#8220;on&#8220; sticky_enabled=&#8220;0&#8243;][et_pb_contact_field field_id=&#8220;Name&#8220; field_title=&#8220;Name&#8220; fullwidth_field=&#8220;on&#8220; _builder_version=&#8220;4.24.2&#8243; _module_preset=&#8220;default&#8220; form_field_background_color=&#8220;#FBFAEF&#8220; form_field_text_color=&#8220;#B7AE33&#8243; form_field_focus_background_color=&#8220;#FBFAEF&#8220; form_field_focus_text_color=&#8220;#110603&#8243; form_field_font=&#8220;Barlow|700||on|||||&#8220; form_field_font_size=&#8220;1em&#8220; form_field_letter_spacing=&#8220;0.3em&#8220; form_field_line_height=&#8220;1.4em&#8220; border_width_all=&#8220;0px&#8220; border_color_all=&#8220;#B7AE33&#8243; global_colors_info=&#8220;{}&#8220; button_text_size__hover_enabled=&#8220;off&#8220; button_one_text_size__hover_enabled=&#8220;off&#8220; button_two_text_size__hover_enabled=&#8220;off&#8220; button_text_color__hover_enabled=&#8220;off&#8220; button_one_text_color__hover_enabled=&#8220;off&#8220; button_two_text_color__hover_enabled=&#8220;off&#8220; button_border_width__hover_enabled=&#8220;off&#8220; button_one_border_width__hover_enabled=&#8220;off&#8220; button_two_border_width__hover_enabled=&#8220;off&#8220; button_border_color__hover_enabled=&#8220;off&#8220; button_one_border_color__hover_enabled=&#8220;off&#8220; button_two_border_color__hover_enabled=&#8220;off&#8220; button_border_radius__hover_enabled=&#8220;off&#8220; button_one_border_radius__hover_enabled=&#8220;off&#8220; button_two_border_radius__hover_enabled=&#8220;off&#8220; button_letter_spacing__hover_enabled=&#8220;off&#8220; button_one_letter_spacing__hover_enabled=&#8220;off&#8220; button_two_letter_spacing__hover_enabled=&#8220;off&#8220; button_bg_color__hover_enabled=&#8220;off&#8220; button_one_bg_color__hover_enabled=&#8220;off&#8220; button_two_bg_color__hover_enabled=&#8220;off&#8220;][\/et_pb_contact_field][et_pb_contact_field field_id=&#8220;Email&#8220; field_title=&#8220;E-Mail Adresse&#8220; field_type=&#8220;email&#8220; fullwidth_field=&#8220;on&#8220; _builder_version=&#8220;4.24.2&#8243; _module_preset=&#8220;default&#8220; form_field_background_color=&#8220;#FBFAEF&#8220; form_field_text_color=&#8220;#B7AE33&#8243; form_field_focus_background_color=&#8220;#FBFAEF&#8220; form_field_focus_text_color=&#8220;#110603&#8243; form_field_font=&#8220;Barlow|700||on|||||&#8220; form_field_font_size=&#8220;1em&#8220; form_field_letter_spacing=&#8220;0.3em&#8220; form_field_line_height=&#8220;1.4em&#8220; border_width_all=&#8220;0px&#8220; border_color_all=&#8220;#B7AE33&#8243; global_colors_info=&#8220;{}&#8220; button_text_size__hover_enabled=&#8220;off&#8220; button_one_text_size__hover_enabled=&#8220;off&#8220; button_two_text_size__hover_enabled=&#8220;off&#8220; button_text_color__hover_enabled=&#8220;off&#8220; button_one_text_color__hover_enabled=&#8220;off&#8220; button_two_text_color__hover_enabled=&#8220;off&#8220; button_border_width__hover_enabled=&#8220;off&#8220; button_one_border_width__hover_enabled=&#8220;off&#8220; button_two_border_width__hover_enabled=&#8220;off&#8220; button_border_color__hover_enabled=&#8220;off&#8220; button_one_border_color__hover_enabled=&#8220;off&#8220; button_two_border_color__hover_enabled=&#8220;off&#8220; button_border_radius__hover_enabled=&#8220;off&#8220; button_one_border_radius__hover_enabled=&#8220;off&#8220; button_two_border_radius__hover_enabled=&#8220;off&#8220; button_letter_spacing__hover_enabled=&#8220;off&#8220; button_one_letter_spacing__hover_enabled=&#8220;off&#8220; button_two_letter_spacing__hover_enabled=&#8220;off&#8220; button_bg_color__hover_enabled=&#8220;off&#8220; button_one_bg_color__hover_enabled=&#8220;off&#8220; button_two_bg_color__hover_enabled=&#8220;off&#8220;][\/et_pb_contact_field][et_pb_contact_field field_id=&#8220;Message&#8220; field_title=&#8220;Nachricht&#8220; field_type=&#8220;text&#8220; fullwidth_field=&#8220;on&#8220; _builder_version=&#8220;4.24.2&#8243; _module_preset=&#8220;default&#8220; form_field_background_color=&#8220;#FBFAEF&#8220; form_field_text_color=&#8220;#B7AE33&#8243; form_field_focus_background_color=&#8220;#FBFAEF&#8220; form_field_focus_text_color=&#8220;#110603&#8243; form_field_font=&#8220;Barlow|700||on|||||&#8220; form_field_font_size=&#8220;1em&#8220; form_field_letter_spacing=&#8220;0.3em&#8220; form_field_line_height=&#8220;1.4em&#8220; border_width_all=&#8220;0px&#8220; border_color_all=&#8220;#B7AE33&#8243; global_colors_info=&#8220;{}&#8220; button_text_size__hover_enabled=&#8220;off&#8220; button_one_text_size__hover_enabled=&#8220;off&#8220; button_two_text_size__hover_enabled=&#8220;off&#8220; button_text_color__hover_enabled=&#8220;off&#8220; button_one_text_color__hover_enabled=&#8220;off&#8220; button_two_text_color__hover_enabled=&#8220;off&#8220; button_border_width__hover_enabled=&#8220;off&#8220; button_one_border_width__hover_enabled=&#8220;off&#8220; button_two_border_width__hover_enabled=&#8220;off&#8220; button_border_color__hover_enabled=&#8220;off&#8220; button_one_border_color__hover_enabled=&#8220;off&#8220; button_two_border_color__hover_enabled=&#8220;off&#8220; button_border_radius__hover_enabled=&#8220;off&#8220; button_one_border_radius__hover_enabled=&#8220;off&#8220; button_two_border_radius__hover_enabled=&#8220;off&#8220; button_letter_spacing__hover_enabled=&#8220;off&#8220; button_one_letter_spacing__hover_enabled=&#8220;off&#8220; button_two_letter_spacing__hover_enabled=&#8220;off&#8220; button_bg_color__hover_enabled=&#8220;off&#8220; button_one_bg_color__hover_enabled=&#8220;off&#8220; button_two_bg_color__hover_enabled=&#8220;off&#8220;][\/et_pb_contact_field][\/et_pb_contact_form][\/et_pb_column][\/et_pb_row][\/et_pb_section]<\/p>\n","protected":false},"excerpt":{"rendered":"<p>Kontakt Haben Sie eine Frage oder einen Kommentar?Wir w\u00fcrden uns freuen, von Ihnen zu h\u00f6ren!Rufen Sie uns an(+352) 28 80 02 40E-Mailreception@wakeupstr.luAdresse59, Route de LongwyL-8080 BertrangeLuxemburg<\/p>\n","protected":false},"author":3,"featured_media":0,"parent":0,"menu_order":0,"comment_status":"closed","ping_status":"closed","template":"","meta":{"_et_pb_use_builder":"on","_et_pb_old_content":"","_et_gb_content_width":"","footnotes":""},"class_list":["post-808","page","type-page","status-publish","hentry"],"_links":{"self":[{"href":"https:\/\/wakeupstr.lu\/de\/wp-json\/wp\/v2\/pages\/808","targetHints":{"allow":["GET"]}}],"collection":[{"href":"https:\/\/wakeupstr.lu\/de\/wp-json\/wp\/v2\/pages"}],"about":[{"href":"https:\/\/wakeupstr.lu\/de\/wp-json\/wp\/v2\/types\/page"}],"author":[{"embeddable":true,"href":"https:\/\/wakeupstr.lu\/de\/wp-json\/wp\/v2\/users\/3"}],"replies":[{"embeddable":true,"href":"https:\/\/wakeupstr.lu\/de\/wp-json\/wp\/v2\/comments?post=808"}],"version-history":[{"count":77,"href":"https:\/\/wakeupstr.lu\/de\/wp-json\/wp\/v2\/pages\/808\/revisions"}],"predecessor-version":[{"id":3670,"href":"https:\/\/wakeupstr.lu\/de\/wp-json\/wp\/v2\/pages\/808\/revisions\/3670"}],"wp:attachment":[{"href":"https:\/\/wakeupstr.lu\/de\/wp-json\/wp\/v2\/media?parent=808"}],"curies":[{"name":"wp","href":"https:\/\/api.w.org\/{rel}","templated":true}]}}