{"id":781,"date":"2024-03-15T11:39:56","date_gmt":"2024-03-15T10:39:56","guid":{"rendered":"https:\/\/wakeupstr.lu\/jetzt-buchen\/"},"modified":"2026-04-27T16:22:20","modified_gmt":"2026-04-27T15:22:20","slug":"jetzt-buchen","status":"publish","type":"page","link":"https:\/\/wakeupstr.lu\/de\/jetzt-buchen\/","title":{"rendered":"Jetzt buchen"},"content":{"rendered":"<p>[et_pb_section fb_built=&#8220;1&#8243; admin_label=&#8220;Header&#8220; _builder_version=&#8220;4.24.2&#8243; _module_preset=&#8220;default&#8220; background_image=&#8220;http:\/\/wakeupstr.lu\/wp-content\/uploads\/2024\/03\/photo-wakeupshortrentals-hero.jpg&#8220; background_position=&#8220;bottom_left&#8220; background_horizontal_offset=&#8220;39%&#8220; background_vertical_offset=&#8220;0%&#8220; width_tablet=&#8220;&#8220; width_phone=&#8220;&#8220; width_last_edited=&#8220;on|desktop&#8220; max_width_last_edited=&#8220;off|phone&#8220; module_alignment=&#8220;center&#8220; height=&#8220;90vh&#8220; height_tablet=&#8220;100vh&#8220; height_phone=&#8220;100vh&#8220; height_last_edited=&#8220;on|phone&#8220; max_height_tablet=&#8220;&#8220; max_height_phone=&#8220;100vh&#8220; max_height_last_edited=&#8220;on|phone&#8220; custom_margin=&#8220;||||true|true&#8220; custom_margin_tablet=&#8220;||||true|true&#8220; custom_margin_phone=&#8220;0px|0px|0px|0px|true|true&#8220; custom_margin_last_edited=&#8220;on|tablet&#8220; custom_padding=&#8220;||||false|false&#8220; border_width_all=&#8220;0vw&#8220; border_color_all=&#8220;#FBFAEF&#8220; border_width_all_last_edited=&#8220;off|phone&#8220; global_colors_info=&#8220;{}&#8220;][et_pb_row custom_padding_last_edited=&#8220;on|desktop&#8220; _builder_version=&#8220;4.23.1&#8243; _module_preset=&#8220;default&#8220; background_color=&#8220;#FFFFFF&#8220; custom_margin=&#8220;||0px||false|false&#8220; custom_padding=&#8220;50px|50px|0px|50px|false|true&#8220; custom_padding_tablet=&#8220;30px|30px|30px|30px|true|true&#8220; custom_padding_phone=&#8220;20px|20px|20px|20px|true|true&#8220; global_colors_info=&#8220;{}&#8220;][et_pb_column type=&#8220;4_4&#8243; _builder_version=&#8220;4.17.6&#8243; _module_preset=&#8220;default&#8220; global_colors_info=&#8220;{}&#8220;][et_pb_text _builder_version=&#8220;4.23.1&#8243; _module_preset=&#8220;e6504a1b-67eb-4b3d-b023-bcab277610b6&#8243; header_4_font=&#8220;Barlow|700||on|||||&#8220; header_4_text_color=&#8220;#B7AE33&#8243; header_4_font_size=&#8220;1em&#8220; header_4_line_height=&#8220;1.4em&#8220; text_orientation=&#8220;center&#8220; custom_margin=&#8220;||0px||false|false&#8220; header_4_font_size_tablet=&#8220;1em&#8220; header_4_font_size_phone=&#8220;1em&#8220; header_4_font_size_last_edited=&#8220;on|phone&#8220; global_colors_info=&#8220;{}&#8220;]<\/p>\n<h4>Kurzzeitvermietungen aufwecken<\/h4>\n<p>[\/et_pb_text][et_pb_text _builder_version=&#8220;4.24.0&#8243; _module_preset=&#8220;c16985e1-e0d6-4022-964d-e2bfc04fa633&#8243; header_font=&#8220;Barlow|700||on|||||&#8220; header_text_color=&#8220;#000000&#8243; header_font_size=&#8220;75px&#8220; header_letter_spacing=&#8220;0em&#8220; header_line_height=&#8220;1.2em&#8220; text_orientation=&#8220;center&#8220; custom_margin_tablet=&#8220;&#8220; custom_margin_phone=&#8220;||0px||false|false&#8220; custom_margin_last_edited=&#8220;on|phone&#8220; header_font_size_tablet=&#8220;40px&#8220; header_font_size_phone=&#8220;21px&#8220; header_font_size_last_edited=&#8220;on|phone&#8220; global_colors_info=&#8220;{}&#8220;]<\/p>\n<h1>Luxemburg entdecken<\/h1>\n<p>[\/et_pb_text][et_pb_text _builder_version=&#8220;4.27.6&#8243; _module_preset=&#8220;default&#8220; text_line_height=&#8220;1.6em&#8220; text_orientation=&#8220;center&#8220; text_font_size_tablet=&#8220;&#8220; text_font_size_phone=&#8220;&#8220; text_font_size_last_edited=&#8220;on|phone&#8220; global_colors_info=&#8220;{}&#8220;]<\/p>\n<p>Luxemburg zu entdecken ist wie ein Kaleidoskop der Kulturen und M\u00f6glichkeiten, in dem die Sch\u00f6nheit der Vielfalt heller leuchtet als jedes Juwel in der Krone des Gro\u00dfherzogtums!&#8220;<\/p>\n<p>[\/et_pb_text][et_pb_code _builder_version=&#8220;4.23.1&#8243; _module_preset=&#8220;default&#8220; background_color=&#8220;RGBA(255,255,255,0)&#8220; global_colors_info=&#8220;{}&#8220;]<!-- [et_pb_line_break_holder] -->  body {<!-- [et_pb_line_break_holder] -->    font-family: barlow;<!-- [et_pb_line_break_holder] -->  }<!-- [et_pb_line_break_holder] --><!-- [et_pb_line_break_holder] --><\/p>\n<div id=\"apartmentIframeAll\"><!-- [et_pb_line_break_holder] --><!-- [et_pb_line_break_holder] -->BookingToolIframe.initialize({&#8222;url&#8220;: &#8222;https:\/\/login.smoobu.com\/en\/booking-tool\/iframe\/124735&#8220;, &#8222;baseUrl&#8220;: &#8222;https:\/\/login.smoobu.com&#8220;, &#8222;target&#8220;: &#8222;#apartmentIframeAll&#8220;})<!-- [et_pb_line_break_holder] --><\/div>\n<p><!-- [et_pb_line_break_holder] -->[\/et_pb_code][\/et_pb_column][\/et_pb_row][\/et_pb_section][et_pb_section fb_built=&#8220;1&#8243; disabled_on=&#8220;on|on|on&#8220; admin_label=&#8220;Testimonials&#8220; _builder_version=&#8220;4.27.4&#8243; _module_preset=&#8220;default&#8220; background_color=&#8220;#B7AE33&#8243; disabled=&#8220;on&#8220; locked=&#8220;off&#8220; collapsed=&#8220;on&#8220; global_colors_info=&#8220;{}&#8220;][et_pb_row _builder_version=&#8220;4.24.2&#8243; _module_preset=&#8220;default&#8220; max_width=&#8220;100%&#8220; animation_style=&#8220;slide&#8220; animation_direction=&#8220;bottom&#8220; global_colors_info=&#8220;{}&#8220;][et_pb_column type=&#8220;4_4&#8243; _builder_version=&#8220;4.17.6&#8243; _module_preset=&#8220;default&#8220; global_colors_info=&#8220;{}&#8220;][et_pb_text _builder_version=&#8220;4.23.1&#8243; _module_preset=&#8220;b327cbe4-b1d5-4b66-ad37-40c8f2f061ba&#8220; header_2_font=&#8220;|700|||||||&#8220; header_2_text_color=&#8220;#FBFAEF&#8220; header_2_font_size=&#8220;3em&#8220; header_2_line_height=&#8220;1.4em&#8220; text_orientation=&#8220;center&#8220; header_2_font_size_tablet=&#8220;32px&#8220; header_2_font_size_phone=&#8220;20px&#8220; header_2_font_size_last_edited=&#8220;on|desktop&#8220; global_colors_info=&#8220;{}&#8220;]<\/p>\n<h2>Was unsere Kunden sagen<\/h2>\n<p>[\/et_pb_text][\/et_pb_column][\/et_pb_row][et_pb_row custom_padding_last_edited=&#8220;on|tablet&#8220; _builder_version=&#8220;4.23.1&#8243; _module_preset=&#8220;default&#8220; background_color=&#8220;RGBA(255,255,255,0)&#8220; custom_padding_tablet=&#8220;||0px||false|false&#8220; custom_padding_phone=&#8220;||0px||false|false&#8220; global_colors_info=&#8220;{}&#8220;][et_pb_column type=&#8220;4_4&#8243; _builder_version=&#8220;4.23.1&#8243; _module_preset=&#8220;default&#8220; background_color=&#8220;RGBA(255,255,255,0)&#8220; custom_padding=&#8220;30px|30px|30px|30px|true|true&#8220; custom_padding_tablet=&#8220;30px|30px|30px|30px|true|true&#8220; custom_padding_phone=&#8220;20px|20px|20px|20px|true|true&#8220; custom_padding_last_edited=&#8220;on|desktop&#8220; global_colors_info=&#8220;{}&#8220;][et_pb_code _builder_version=&#8220;4.23.1&#8243; _module_preset=&#8220;default&#8220; background_color=&#8220;RGBA(255,255,255,0)&#8220; global_colors_info=&#8220;{}&#8220;]<!-- [et_pb_line_break_holder] --><\/p>\n<div class=\"elfsight-app-ab55a396-b818-4bb7-bf81-e1e0ca4c497c\" data-elfsight-app-lazy=\"\"><\/div>\n<p>[\/et_pb_code][\/et_pb_column][\/et_pb_row][\/et_pb_section][et_pb_section fb_built=&#8220;1&#8243; specialty=&#8220;on&#8220; padding_top_2=&#8220;10%&#8220; padding_top_bottom_link_2=&#8220;false&#8220; padding_left_right_link_2=&#8220;false&#8220; admin_label=&#8220;Promos&#8220; _builder_version=&#8220;4.17.6&#8243; _module_preset=&#8220;default&#8220; collapsed=&#8220;off&#8220; global_colors_info=&#8220;{}&#8220;][et_pb_column type=&#8220;1_2&#8243; _builder_version=&#8220;4.16&#8243; custom_padding=&#8220;|||&#8220; global_colors_info=&#8220;{}&#8220; custom_padding__hover=&#8220;|||&#8220;][et_pb_image src=&#8220;http:\/\/wakeupstr.lu\/wp-content\/uploads\/2024\/03\/photo-wakeupshortrentals-discount1.jpg&#8220; alt=&#8220;foto-wakeupshortrentals-rabatt1&#8243; title_text=&#8220;foto-wakeupshortrentals-rabatt1&#8243; _builder_version=&#8220;4.23.1&#8243; _module_preset=&#8220;default&#8220; width=&#8220;80%&#8220; animation_style=&#8220;slide&#8220; animation_direction=&#8220;left&#8220; animation_delay=&#8220;100ms&#8220; global_colors_info=&#8220;{}&#8220;][\/et_pb_image][et_pb_image src=&#8220;http:\/\/wakeupstr.lu\/wp-content\/uploads\/2024\/03\/photo-wakeupshortrentals-discount2.jpg&#8220; alt=&#8220;foto-wakeupshortrentals-rabatt2&#8243; title_text=&#8220;foto-wakeupshortrentals-rabatt2&#8243; align=&#8220;right&#8220; _builder_version=&#8220;4.23.1&#8243; _module_preset=&#8220;default&#8220; width=&#8220;50%&#8220; custom_margin=&#8220;-40%||||false|false&#8220; animation_style=&#8220;slide&#8220; animation_direction=&#8220;left&#8220; animation_delay=&#8220;100ms&#8220; global_colors_info=&#8220;{}&#8220;][\/et_pb_image][\/et_pb_column][et_pb_column type=&#8220;1_2&#8243; specialty_columns=&#8220;2&#8243; _builder_version=&#8220;4.16&#8243; custom_padding=&#8220;|||&#8220; global_colors_info=&#8220;{}&#8220; custom_padding__hover=&#8220;|||&#8220;][et_pb_row_inner _builder_version=&#8220;4.23.1&#8243; _module_preset=&#8220;default&#8220; animation_style=&#8220;slide&#8220; animation_direction=&#8220;bottom&#8220; animation_delay=&#8220;100ms&#8220; global_colors_info=&#8220;{}&#8220;][et_pb_column_inner saved_specialty_column_type=&#8220;1_2&#8243; _builder_version=&#8220;4.17.6&#8243; _module_preset=&#8220;default&#8220; global_colors_info=&#8220;{}&#8220;][et_pb_text _builder_version=&#8220;4.23.1&#8243; _module_preset=&#8220;b327cbe4-b1d5-4b66-ad37-40c8f2f061ba&#8220; header_2_font=&#8220;|700|||||||&#8220; header_2_text_color=&#8220;#110603&#8243; header_2_font_size=&#8220;3em&#8220; header_2_line_height=&#8220;1.4em&#8220; header_2_font_size_tablet=&#8220;3em&#8220; header_2_font_size_phone=&#8220;3em&#8220; header_2_font_size_last_edited=&#8220;on|phone&#8220; global_colors_info=&#8220;{}&#8220;]<\/p>\n<h2>Erhalten Sie einen Sonderrabatt<\/h2>\n<p>[\/et_pb_text][et_pb_text _builder_version=&#8220;4.24.2&#8243; _module_preset=&#8220;1f09816e-184e-4ce5-a4cf-b39c52c423ca&#8220; text_font=&#8220;||||||||&#8220; text_text_color=&#8220;#110603&#8243; text_font_size=&#8220;1em&#8220; link_text_color=&#8220;#666666&#8243; text_font_size_tablet=&#8220;1em&#8220; text_font_size_phone=&#8220;&#8220; text_font_size_last_edited=&#8220;on|phone&#8220; header_font_size_tablet=&#8220;55px&#8220; header_font_size_last_edited=&#8220;off|desktop&#8220; global_colors_info=&#8220;{}&#8220;]<\/p>\n<p>Wir von <strong>WakeUpShortTermRentals<\/strong> wissen es zu sch\u00e4tzen, dass Sie sich entschlossen haben, Luxemburg f\u00fcr einen l\u00e4ngeren Zeitraum zu Ihrem Zuhause zu machen.  <\/p>\n<p>Setzen Sie sich jetzt mit uns in Verbindung, um sich Ihren Rabatt f\u00fcr Langzeitaufenthalte zu sichern, und genie\u00dfen Sie die Gem\u00fctlichkeit und den Komfort unserer Studios und Wohnungen. Ihre Reise zu einem Zuhause fernab der Heimat beginnt mit <strong>WakeUpShortTermRentals<\/strong>!<\/p>\n<p>[\/et_pb_text][et_pb_text _builder_version=&#8220;4.24.2&#8243; _module_preset=&#8220;aaa7c440-590a-4078-ae0c-0f3c699ac51c&#8220; header_font=&#8220;||||||||&#8220; header_3_font=&#8220;|700|||||||&#8220; header_3_text_color=&#8220;#B7AE33&#8243; header_3_font_size=&#8220;1.5em&#8220; header_3_line_height=&#8220;1.4em&#8220; header_3_font_size_tablet=&#8220;20px&#8220; header_3_font_size_phone=&#8220;16px&#8220; header_3_font_size_last_edited=&#8220;on|phone&#8220; global_colors_info=&#8220;{}&#8220;]<\/p>\n<h3>Verpassen Sie nicht unsere exklusiven Preisnachl\u00e4sse! Nehmen Sie jetzt Kontakt mit uns auf und sichern Sie sich spezielle Angebote, die nur auf Sie zugeschnitten sind.<\/h3>\n<p>[\/et_pb_text][\/et_pb_column_inner][\/et_pb_row_inner][et_pb_row_inner _builder_version=&#8220;4.24.2&#8243; _module_preset=&#8220;default&#8220; global_colors_info=&#8220;{}&#8220;][et_pb_column_inner saved_specialty_column_type=&#8220;1_2&#8243; _builder_version=&#8220;4.17.6&#8243; _module_preset=&#8220;default&#8220; global_colors_info=&#8220;{}&#8220;][et_pb_button button_url=&#8220;@ET-DC@eyJkeW5hbWljIjp0cnVlLCJjb250ZW50IjoicG9zdF9saW5rX3VybF9wYWdlIiwic2V0dGluZ3MiOnsicG9zdF9pZCI6IjE3OCIsImVuYWJsZV9odG1sIjoib2ZmIn19@&#8220; button_text=&#8220;Kontakt&#8220; button_alignment=&#8220;left&#8220; _builder_version=&#8220;4.24.2&#8243; _dynamic_attributes=&#8220;button_url&#8220; _module_preset=&#8220;31b4f027-aaa0-4f2f-ae02-959764e19e4f&#8220; custom_button=&#8220;on&#8220; button_text_size=&#8220;14px&#8220; button_text_color=&#8220;#FBFAEF&#8220; button_bg_color=&#8220;#B7AE33&#8243; button_border_width=&#8220;0px&#8220; button_border_color=&#8220;RGBA(255,255,255,0)&#8220; button_border_radius=&#8220;0px&#8220; button_font=&#8220;|700||on|||||&#8220; button_use_icon=&#8220;off&#8220; custom_padding=&#8220;16px|24px|16px|24px|true|true&#8220; animation_style=&#8220;slide&#8220; locked=&#8220;off&#8220; global_colors_info=&#8220;{}&#8220; button_text_color__hover=&#8220;#B7AE33&#8243; button_text_color__hover_enabled=&#8220;on|hover&#8220; button_bg_color__hover=&#8220;RGBA(255,255,255,0)&#8220; button_bg_color__hover_enabled=&#8220;on|hover&#8220; button_border_width__hover=&#8220;1px&#8220; button_border_width__hover_enabled=&#8220;on|hover&#8220; button_border_color__hover=&#8220;#B7AE33&#8243; button_border_color__hover_enabled=&#8220;on|hover&#8220;][\/et_pb_button][\/et_pb_column_inner][\/et_pb_row_inner][\/et_pb_column][\/et_pb_section][et_pb_section fb_built=&#8220;1&#8243; admin_label=&#8220;Call to Action&#8220; _builder_version=&#8220;4.17.6&#8243; _module_preset=&#8220;default&#8220; collapsed=&#8220;on&#8220; global_colors_info=&#8220;{}&#8220;][et_pb_row column_structure=&#8220;3_5,2_5&#8243; _builder_version=&#8220;4.17.6&#8243; _module_preset=&#8220;default&#8220; global_colors_info=&#8220;{}&#8220;][et_pb_column type=&#8220;3_5&#8243; _builder_version=&#8220;4.17.6&#8243; _module_preset=&#8220;default&#8220; custom_padding=&#8220;10%||||false|false&#8220; custom_padding_tablet=&#8220;0%||||false|false&#8220; custom_padding_phone=&#8220;0%||||false|false&#8220; custom_padding_last_edited=&#8220;on|tablet&#8220; global_colors_info=&#8220;{}&#8220;][et_pb_text _builder_version=&#8220;4.23.1&#8243; _module_preset=&#8220;e6504a1b-67eb-4b3d-b023-bcab277610b6&#8243; header_4_font=&#8220;|700||on|||||&#8220; header_4_text_color=&#8220;#B7AE33&#8243; header_4_font_size=&#8220;1em&#8220; header_4_letter_spacing=&#8220;1em&#8220; header_4_line_height=&#8220;1.4em&#8220; custom_margin=&#8220;||0px||false|false&#8220; animation_style=&#8220;slide&#8220; animation_direction=&#8220;bottom&#8220; animation_delay=&#8220;100ms&#8220; header_4_letter_spacing_tablet=&#8220;1em&#8220; header_4_letter_spacing_phone=&#8220;0em&#8220; header_4_letter_spacing_last_edited=&#8220;on|phone&#8220; locked=&#8220;off&#8220; global_colors_info=&#8220;{}&#8220;]<\/p>\n<h4>Kontakt aufnehmen<\/h4>\n<p>[\/et_pb_text][et_pb_text _builder_version=&#8220;4.23.1&#8243; _module_preset=&#8220;b327cbe4-b1d5-4b66-ad37-40c8f2f061ba&#8220; header_2_font=&#8220;|700|||||||&#8220; header_2_text_color=&#8220;#110603&#8243; header_2_font_size=&#8220;3em&#8220; header_2_line_height=&#8220;1.4em&#8220; custom_margin=&#8220;||10px||false|false&#8220; animation_style=&#8220;slide&#8220; animation_direction=&#8220;bottom&#8220; animation_delay=&#8220;100ms&#8220; header_2_font_size_tablet=&#8220;&#8220; header_2_font_size_phone=&#8220;1.5em&#8220; header_2_font_size_last_edited=&#8220;on|phone&#8220; locked=&#8220;off&#8220; global_colors_info=&#8220;{}&#8220; link_text_color__hover_enabled=&#8220;on|hover&#8220; link_text_color__hover=&#8220;#B7AE33&#8243;]<\/p>\n<h2>Rufen Sie uns an:<br \/><a href=\"tel:0035228800240\">(+352) 28 80 02 40<\/a><\/h2>\n<p>[\/et_pb_text][et_pb_button button_url=&#8220;@ET-DC@eyJkeW5hbWljIjp0cnVlLCJjb250ZW50IjoicG9zdF9saW5rX3VybF9wYWdlIiwic2V0dGluZ3MiOnsicG9zdF9pZCI6IjE3OCIsImVuYWJsZV9odG1sIjoib2ZmIn19@&#8220; button_text=&#8220;Senden Sie uns eine Nachricht&#8220; button_alignment=&#8220;left&#8220; _builder_version=&#8220;4.24.2&#8243; _dynamic_attributes=&#8220;button_url&#8220; _module_preset=&#8220;31b4f027-aaa0-4f2f-ae02-959764e19e4f&#8220; custom_button=&#8220;on&#8220; button_text_size=&#8220;14px&#8220; button_text_color=&#8220;#FBFAEF&#8220; button_bg_color=&#8220;#B7AE33&#8243; button_border_width=&#8220;0px&#8220; button_border_color=&#8220;RGBA(255,255,255,0)&#8220; button_border_radius=&#8220;0px&#8220; button_font=&#8220;|700||on|||||&#8220; button_use_icon=&#8220;off&#8220; custom_padding=&#8220;16px|24px|16px|24px|true|true&#8220; animation_style=&#8220;slide&#8220; animation_delay=&#8220;100ms&#8220; locked=&#8220;off&#8220; global_colors_info=&#8220;{}&#8220; button_text_color__hover=&#8220;#B7AE33&#8243; button_text_color__hover_enabled=&#8220;on|hover&#8220; button_bg_color__hover=&#8220;RGBA(255,255,255,0)&#8220; button_bg_color__hover_enabled=&#8220;on|hover&#8220; button_border_width__hover=&#8220;1px&#8220; button_border_width__hover_enabled=&#8220;on|hover&#8220; button_border_color__hover=&#8220;#B7AE33&#8243; button_border_color__hover_enabled=&#8220;on|hover&#8220;][\/et_pb_button][\/et_pb_column][et_pb_column type=&#8220;2_5&#8243; _builder_version=&#8220;4.17.6&#8243; _module_preset=&#8220;default&#8220; global_colors_info=&#8220;{}&#8220;][et_pb_image src=&#8220;http:\/\/wakeupstr.lu\/wp-content\/uploads\/2024\/03\/photo-wakeupshortrentals-callus.jpg&#8220; alt=&#8220;foto-wakeupshortrentals-callus&#8220; title_text=&#8220;foto-wakeupshortrentals-callus&#8220; _builder_version=&#8220;4.23.1&#8243; _module_preset=&#8220;default&#8220; animation_style=&#8220;slide&#8220; animation_direction=&#8220;right&#8220; animation_delay=&#8220;100ms&#8220; global_colors_info=&#8220;{}&#8220;][\/et_pb_image][\/et_pb_column][\/et_pb_row][\/et_pb_section]<\/p>\n","protected":false},"excerpt":{"rendered":"<p>Kurzzeitvermietungen aufweckenLuxemburg entdeckenLuxemburg zu entdecken ist wie ein Kaleidoskop der Kulturen und M\u00f6glichkeiten, in dem die Sch\u00f6nheit der Vielfalt heller leuchtet als jedes Juwel in der Krone des Gro\u00dfherzogtums!&#8220;Was unsere Kunden sagenErhalten Sie einen SonderrabattWir von WakeUpShortTermRentals wissen es zu sch\u00e4tzen, dass Sie sich entschlossen haben, Luxemburg f\u00fcr einen l\u00e4ngeren Zeitraum zu Ihrem Zuhause zu [&hellip;]<\/p>\n","protected":false},"author":3,"featured_media":0,"parent":0,"menu_order":0,"comment_status":"closed","ping_status":"closed","template":"","meta":{"_et_pb_use_builder":"on","_et_pb_old_content":"","_et_gb_content_width":"","footnotes":""},"class_list":["post-781","page","type-page","status-publish","hentry"],"_links":{"self":[{"href":"https:\/\/wakeupstr.lu\/de\/wp-json\/wp\/v2\/pages\/781","targetHints":{"allow":["GET"]}}],"collection":[{"href":"https:\/\/wakeupstr.lu\/de\/wp-json\/wp\/v2\/pages"}],"about":[{"href":"https:\/\/wakeupstr.lu\/de\/wp-json\/wp\/v2\/types\/page"}],"author":[{"embeddable":true,"href":"https:\/\/wakeupstr.lu\/de\/wp-json\/wp\/v2\/users\/3"}],"replies":[{"embeddable":true,"href":"https:\/\/wakeupstr.lu\/de\/wp-json\/wp\/v2\/comments?post=781"}],"version-history":[{"count":100,"href":"https:\/\/wakeupstr.lu\/de\/wp-json\/wp\/v2\/pages\/781\/revisions"}],"predecessor-version":[{"id":4123,"href":"https:\/\/wakeupstr.lu\/de\/wp-json\/wp\/v2\/pages\/781\/revisions\/4123"}],"wp:attachment":[{"href":"https:\/\/wakeupstr.lu\/de\/wp-json\/wp\/v2\/media?parent=781"}],"curies":[{"name":"wp","href":"https:\/\/api.w.org\/{rel}","templated":true}]}}