{"id":1437,"date":"2025-05-27T11:19:57","date_gmt":"2025-05-27T10:19:57","guid":{"rendered":"https:\/\/wakeupstr.lu\/hausregeln\/"},"modified":"2026-04-07T15:50:32","modified_gmt":"2026-04-07T14:50:32","slug":"hausregeln","status":"publish","type":"page","link":"https:\/\/wakeupstr.lu\/de\/hausregeln\/","title":{"rendered":"Hausregeln"},"content":{"rendered":"<p>[et_pb_section fb_built=&#8220;1&#8243; admin_label=&#8220;HERO &#8220; _builder_version=&#8220;4.27.4&#8243; use_background_color_gradient=&#8220;on&#8220; background_color_gradient_type=&#8220;circular&#8220; background_color_gradient_direction_radial=&#8220;top left&#8220; background_color_gradient_stops=&#8220;#fbfaef 0%|rgba(255,255,255,0) 100%&#8220; background_color_gradient_overlays_image=&#8220;on&#8220; background_color_gradient_start=&#8220;rgba(255,255,255,0.89)&#8220; background_color_gradient_start_position=&#8220;30%&#8220; background_color_gradient_end=&#8220;rgba(255,255,255,0)&#8220; background_color_gradient_end_position=&#8220;80%&#8220; background_image=&#8220;http:\/\/wakeupstr.lu\/wp-content\/uploads\/2025\/05\/photo-wakeupshortrentals-houserules.jpg&#8220; parallax=&#8220;on&#8220; custom_margin=&#8220;|||&#8220; custom_padding=&#8220;8vw||8vw||true&#8220; bottom_divider_style=&#8220;slant2&#8243; bottom_divider_color=&#8220;#FFFFFF&#8220; bottom_divider_height=&#8220;117px&#8220; bottom_divider_repeat=&#8220;1x&#8220; bottom_divider_flip=&#8220;horizontal&#8220; locked=&#8220;off&#8220; collapsed=&#8220;off&#8220; global_colors_info=&#8220;{}&#8220;][et_pb_row _builder_version=&#8220;4.23.1&#8243; max_width=&#8220;890px&#8220; global_colors_info=&#8220;{}&#8220;][et_pb_column type=&#8220;4_4&#8243; _builder_version=&#8220;4.16&#8243; custom_padding=&#8220;|||&#8220; global_colors_info=&#8220;{}&#8220; custom_padding__hover=&#8220;|||&#8220;][et_pb_text _builder_version=&#8220;4.27.4&#8243; text_font=&#8220;||||||||&#8220; text_text_color=&#8220;#110603&#8243; header_font=&#8220;Barlow|800|||||||&#8220; header_text_align=&#8220;left&#8220; header_text_color=&#8220;#110603&#8243; header_font_size=&#8220;56px&#8220; header_line_height=&#8220;1.4em&#8220; header_2_font=&#8220;Barlow|700|||||||&#8220; header_2_text_align=&#8220;left&#8220; header_2_text_color=&#8220;#110603&#8243; header_2_font_size=&#8220;48px&#8220; header_2_line_height=&#8220;1.3em&#8220; header_3_font=&#8220;Barlow|700|||||||&#8220; header_3_text_align=&#8220;left&#8220; header_3_text_color=&#8220;#110603&#8243; header_3_font_size=&#8220;34px&#8220; header_3_line_height=&#8220;1.3em&#8220; header_4_font=&#8220;Barlow|700||on|||||&#8220; header_4_text_align=&#8220;left&#8220; header_4_text_color=&#8220;#B7AE33&#8243; header_4_font_size=&#8220;1em&#8220; header_4_letter_spacing=&#8220;8px&#8220; header_4_line_height=&#8220;1.4em&#8220; animation_style=&#8220;zoom&#8220; animation_intensity_zoom=&#8220;5%&#8220; hover_enabled=&#8220;0&#8243; global_colors_info=&#8220;{}&#8220; sticky_enabled=&#8220;0&#8243;]<\/p>\n<h4 style=\"text-align: left\">wake up short term rentals<\/h4>\n<h1>Hausregeln<\/h1>\n<p>[\/et_pb_text][\/et_pb_column][\/et_pb_row][\/et_pb_section][et_pb_section fb_built=&#8220;1&#8243; admin_label=&#8220;Header&#8220; _builder_version=&#8220;4.17.6&#8243; _module_preset=&#8220;default&#8220; collapsed=&#8220;off&#8220; global_colors_info=&#8220;{}&#8220;][et_pb_row _builder_version=&#8220;4.17.6&#8243; _module_preset=&#8220;default&#8220; max_width=&#8220;890px&#8220; global_colors_info=&#8220;{}&#8220;][et_pb_column type=&#8220;4_4&#8243; _builder_version=&#8220;4.17.6&#8243; _module_preset=&#8220;default&#8220; global_colors_info=&#8220;{}&#8220;][et_pb_text _builder_version=&#8220;4.27.4&#8243; _module_preset=&#8220;1f09816e-184e-4ce5-a4cf-b39c52c423ca&#8220; text_font=&#8220;||||||||&#8220; text_text_color=&#8220;#110603&#8243; text_font_size=&#8220;1em&#8220; link_text_color=&#8220;#B7AE33&#8243; ol_font=&#8220;&#8211;et_global_body_font|&#8211;et_global_body_font_weight|||||||&#8220; ol_text_color=&#8220;#110603&#8243; header_4_font=&#8220;|700|||||||&#8220; header_4_text_color=&#8220;#B7AE33&#8243; header_4_font_size=&#8220;2rem&#8220; header_5_text_color=&#8220;#B7AE33&#8243; hover_enabled=&#8220;0&#8243; text_font_size_last_edited=&#8220;off|desktop&#8220; header_font_size_tablet=&#8220;55px&#8220; header_font_size_last_edited=&#8220;off|desktop&#8220; text_orientation_last_edited=&#8220;off|phone&#8220; global_colors_info=&#8220;{}&#8220; link_text_color__hover_enabled=&#8220;on|hover&#8220; link_text_color__hover=&#8220;#B84221&#8243; sticky_enabled=&#8220;0&#8243;]<\/p>\n<h4 class=\"p1\"><span class=\"s1\">1. Einchecken und Auschecken<\/span><\/h4>\n<ul>\n<li class=\"p2\"><b>Check-in Zeit:<\/b> 15:00 Uhr, keine Ausnahmen.<\/li>\n<li class=\"p2\"><b>Check-out-Zeit:<\/b> 10:00 Uhr, keine Ausnahmen. Bitte respektieren Sie diesen Zeitplan, um die Reinigung zu erm\u00f6glichen. <\/li>\n<li class=\"p2\">Es ist strengstens untersagt, eine andere als die Ihnen zum Zeitpunkt der Buchung zugewiesene Unterkunft zu betreten. Jede Unterkunft ist privat und einem bestimmten Gast zugewiesen. <\/li>\n<li class=\"p2\">Das absichtliche Betreten oder der Aufenthalt in einer anderen als der angegebenen Wohnung stellt einen <b>schwerwiegenden Versto\u00df gegen die Hausordnung<\/b> dar und kann zur Folge haben:\n<ul>\n<li class=\"p2\"><b>sofortiges Eingreifen durch unser Personal<\/b>,<\/li>\n<li class=\"p2\"><b>zus\u00e4tzliche Geb\u00fchren<\/b>,<\/li>\n<li class=\"p2\"><b>Ausschluss ohne Erstattung<\/b>,<\/li>\n<li class=\"p2\">und <b>Meldung des Vorfalls an die Buchungsplattform <\/b>(Airbnb, Booking.com, etc.).<\/li>\n<\/ul>\n<\/li>\n<li class=\"p2\">\n<p data-start=\"69\" data-end=\"174\"><strong data-start=\"69\" data-end=\"174\">Bei Besch\u00e4digung oder Verlust des Transponders wird eine zus\u00e4tzliche Geb\u00fchr von 190 \u20ac erhoben, um die Wiederbeschaffungskosten zu decken.<\/strong><\/p>\n<\/li>\n<\/ul>\n<h4 class=\"p1\"><span class=\"s1\">2. Ruhige Stunden und R\u00fccksichtnahme auf die Nachbarschaft<\/span><\/h4>\n<ul>\n<li class=\"p2\"><b>Ruhige Stunden:<\/b> Von 22:00 Uhr bis 7:00 Uhr morgens. Bitte respektieren Sie die Ruhe und den Komfort der anderen G\u00e4ste und Nachbarn. <\/li>\n<li class=\"p2\"><b>Respektvolles Verhalten:<\/b> Partys sind streng verboten. Jegliches st\u00f6rende Verhalten wird mit Strafen geahndet. <\/li>\n<\/ul>\n<h4 class=\"p1\"><span class=\"s1\">3. Nutzung von Privatr\u00e4umen<\/span><\/h4>\n<ul>\n<li class=\"p2\"><b>K\u00fcche:<\/b> Jede Unterkunft verf\u00fcgt \u00fcber eine eigene K\u00fcche. Bitte halten Sie diese sauber und lassen Sie keine verderblichen Lebensmittel am Ende Ihres Aufenthalts zur\u00fcck. <\/li>\n<li class=\"p2\"><b>B\u00e4der:<\/b> Die B\u00e4der sind privat. Bitte gehen Sie sorgsam mit ihnen um und hinterlassen Sie sie nach der Benutzung sauber. <\/li>\n<li class=\"p2\"><b>Wohnbereich: <\/b>Jede Einheit hat ihren eigenen Wohnbereich. Bitte respektieren Sie die M\u00f6bel und die vorhandene Ausstattung. <\/li>\n<\/ul>\n<h4 class=\"p1\"><span class=\"s1\">4. Raucherpolitik<\/span><\/h4>\n<ul>\n<li class=\"p2\"><b>Rauchen in Innenr\u00e4umen verboten:<\/b> Das Rauchen ist in den Unterk\u00fcnften strengstens verboten. Raucherbereiche im Freien k\u00f6nnen vorhanden sein. <\/li>\n<li class=\"p2\"><b>Zigarettenentsorgung: <\/b>Bitte entsorgen Sie Zigarettenstummel in den daf\u00fcr vorgesehenen Aschenbechern.<\/li>\n<\/ul>\n<h4 class=\"p1\"><span class=\"s1\">5. Sauberkeit<\/span><\/h4>\n<ul>\n<li class=\"p2\"><b>Reinigung bei l\u00e4ngeren Aufenthalten:<\/b> Bei l\u00e4ngeren Aufenthalten wird alle f\u00fcnf Tage ein Reinigungsservice angeboten.<\/li>\n<li class=\"p2\"><b>Bettzeug:<\/b> Bitte respektieren Sie die Bettw\u00e4sche und Decken. Vermeiden Sie es, sie zu beflecken oder Produkte zu verwenden, die Sch\u00e4den verursachen k\u00f6nnten. <\/li>\n<li class=\"p2\"><b>Abfallentsorgung<\/b>: Bitte entsorgen Sie Ihren Abfall in den daf\u00fcr vorgesehenen M\u00fclleimern.<\/li>\n<\/ul>\n<h4 class=\"p1\"><span class=\"s1\">6. Internet und Fernsehen<\/span><\/h4>\n<ul>\n<li class=\"p2\"><b>Wi-Fi: <\/b>Kostenfrei. Das Passwort wird Ihnen bei Ihrer Ankunft mitgeteilt. <\/li>\n<li class=\"p2\"><b>Fernsehger\u00e4t: <\/b>Jede Unterkunft ist mit einem Fernseher ausgestattet. Bitte halten Sie die Lautst\u00e4rke auf einem angemessenen Niveau, um andere nicht zu st\u00f6ren. <\/li>\n<\/ul>\n<h4 class=\"p1\"><span class=\"s1\">7. Sicherheit<\/span><\/h4>\n<ul>\n<li class=\"p2\"><b>Schl\u00fcssel und Zugang:<\/b> Schlie\u00dfen Sie die T\u00fcr immer ab, wenn Sie die Unterkunft verlassen. Geben Sie keine Schl\u00fcssel oder Zugangscodes an Dritte weiter. <\/li>\n<li class=\"p2\"><b>Feuerschutz:<\/b> Im Notfall befolgen Sie bitte die Sicherheitshinweise. Die Verwendung von Kerzen oder offenen Flammen ist strengstens verboten. <\/li>\n<\/ul>\n<h4 class=\"p1\"><span class=\"s1\">8. Zus\u00e4tzliche G\u00e4ste<\/span><\/h4>\n<ul>\n<li class=\"p2\"><b>Obligatorische Registrierung:<\/b> Alle G\u00e4ste m\u00fcssen registriert sein. Es ist nicht gestattet, unregistrierte G\u00e4ste ohne Genehmigung des Managements zu empfangen. <\/li>\n<li class=\"p2\"><b>Besucherpolitik:<\/b> Besucher sind ohne vorherige Genehmigung des Managements nicht erlaubt.<\/li>\n<\/ul>\n<h4 class=\"p1\"><span class=\"s1\">9. Haustiere<\/span><\/h4>\n<ul>\n<li class=\"p2\"><b>Haustierpolitik: <\/b>Haustiere sind nicht erlaubt.<\/li>\n<\/ul>\n<h4 class=\"p1\"><span class=\"s1\">10. Schadenersatz und Haftung<\/span><\/h4>\n<ul>\n<li class=\"p2\"><b>Verantwortung der G\u00e4ste: <\/b>Sie sind f\u00fcr alle w\u00e4hrend Ihres Aufenthalts verursachten Sch\u00e4den verantwortlich. Bitte melden Sie alle Vorf\u00e4lle sofort dem Management. <\/li>\n<li class=\"p2\"><b>Kaution: <\/b>Es kann eine Kaution verlangt werden, um eventuelle Sch\u00e4den abzudecken.<\/li>\n<\/ul>\n<h4 class=\"p1\"><span class=\"s1\">11. Reklamationen und Vorschl\u00e4ge<\/span><\/h4>\n<ul>\n<li class=\"p2\"><b>Probleme w\u00e4hrend Ihres Aufenthalts: <\/b>Sollten Sie auf Probleme sto\u00dfen, wenden Sie sich bitte umgehend an das Management, um eine schnelle L\u00f6sung zu finden.<\/li>\n<li class=\"p2\"><b>Feedback: <\/b>Wir freuen uns \u00fcber Ihre Vorschl\u00e4ge zur Verbesserung des G\u00e4steerlebnisses.<\/li>\n<\/ul>\n<p>[\/et_pb_text][\/et_pb_column][\/et_pb_row][\/et_pb_section][et_pb_section fb_built=&#8220;1&#8243; admin_label=&#8220;Testimonials&#8220; _builder_version=&#8220;4.23.1&#8243; _module_preset=&#8220;default&#8220; background_color=&#8220;#B7AE33&#8243; animation_style=&#8220;slide&#8220; animation_direction=&#8220;bottom&#8220; animation_delay=&#8220;100ms&#8220; locked=&#8220;off&#8220; collapsed=&#8220;on&#8220; global_colors_info=&#8220;{}&#8220;][et_pb_row _builder_version=&#8220;4.23.1&#8243; _module_preset=&#8220;default&#8220; max_width=&#8220;100%&#8220; global_colors_info=&#8220;{}&#8220;][et_pb_column type=&#8220;4_4&#8243; _builder_version=&#8220;4.17.6&#8243; _module_preset=&#8220;default&#8220; global_colors_info=&#8220;{}&#8220;][et_pb_text _builder_version=&#8220;4.23.1&#8243; _module_preset=&#8220;b327cbe4-b1d5-4b66-ad37-40c8f2f061ba&#8220; header_2_font=&#8220;|700|||||||&#8220; header_2_text_color=&#8220;#FBFAEF&#8220; header_2_font_size=&#8220;3em&#8220; header_2_line_height=&#8220;1.4em&#8220; text_orientation=&#8220;center&#8220; header_2_font_size_tablet=&#8220;32px&#8220; header_2_font_size_phone=&#8220;20px&#8220; header_2_font_size_last_edited=&#8220;on|desktop&#8220; global_colors_info=&#8220;{}&#8220;]<\/p>\n<h2>Was unsere Kunden sagen<\/h2>\n<p>[\/et_pb_text][\/et_pb_column][\/et_pb_row][et_pb_row custom_padding_last_edited=&#8220;on|tablet&#8220; _builder_version=&#8220;4.23.1&#8243; _module_preset=&#8220;default&#8220; background_color=&#8220;RGBA(255,255,255,0)&#8220; custom_padding_tablet=&#8220;||0px||false|false&#8220; custom_padding_phone=&#8220;||0px||false|false&#8220; global_colors_info=&#8220;{}&#8220;][et_pb_column type=&#8220;4_4&#8243; _builder_version=&#8220;4.23.1&#8243; _module_preset=&#8220;default&#8220; background_color=&#8220;RGBA(255,255,255,0)&#8220; custom_padding=&#8220;30px|30px|30px|30px|true|true&#8220; custom_padding_tablet=&#8220;30px|30px|30px|30px|true|true&#8220; custom_padding_phone=&#8220;20px|20px|20px|20px|true|true&#8220; custom_padding_last_edited=&#8220;on|desktop&#8220; global_colors_info=&#8220;{}&#8220;][et_pb_code _builder_version=&#8220;4.23.1&#8243; _module_preset=&#8220;default&#8220; background_color=&#8220;RGBA(255,255,255,0)&#8220; global_colors_info=&#8220;{}&#8220;]<!-- [et_pb_line_break_holder] --><\/p>\n<div class=\"elfsight-app-ab55a396-b818-4bb7-bf81-e1e0ca4c497c\" data-elfsight-app-lazy=\"\"><\/div>\n<p>[\/et_pb_code][\/et_pb_column][\/et_pb_row][\/et_pb_section][et_pb_section fb_built=&#8220;1&#8243; admin_label=&#8220;Call to Action&#8220; _builder_version=&#8220;4.17.6&#8243; _module_preset=&#8220;default&#8220; collapsed=&#8220;on&#8220; global_colors_info=&#8220;{}&#8220;][et_pb_row column_structure=&#8220;3_5,2_5&#8243; _builder_version=&#8220;4.17.6&#8243; _module_preset=&#8220;default&#8220; global_colors_info=&#8220;{}&#8220;][et_pb_column type=&#8220;3_5&#8243; _builder_version=&#8220;4.17.6&#8243; _module_preset=&#8220;default&#8220; custom_padding=&#8220;10%||||false|false&#8220; custom_padding_tablet=&#8220;0%||||false|false&#8220; custom_padding_phone=&#8220;0%||||false|false&#8220; custom_padding_last_edited=&#8220;on|tablet&#8220; global_colors_info=&#8220;{}&#8220;][et_pb_text _builder_version=&#8220;4.23.1&#8243; _module_preset=&#8220;e6504a1b-67eb-4b3d-b023-bcab277610b6&#8243; header_4_font=&#8220;|700||on|||||&#8220; header_4_text_color=&#8220;#B7AE33&#8243; header_4_font_size=&#8220;1em&#8220; header_4_letter_spacing=&#8220;1em&#8220; header_4_line_height=&#8220;1.4em&#8220; custom_margin=&#8220;||0px||false|false&#8220; animation_style=&#8220;slide&#8220; animation_direction=&#8220;bottom&#8220; animation_delay=&#8220;100ms&#8220; header_4_letter_spacing_tablet=&#8220;1em&#8220; header_4_letter_spacing_phone=&#8220;0em&#8220; header_4_letter_spacing_last_edited=&#8220;on|phone&#8220; locked=&#8220;off&#8220; global_colors_info=&#8220;{}&#8220;]<\/p>\n<h4>Kontakt aufnehmen<\/h4>\n<p>[\/et_pb_text][et_pb_text _builder_version=&#8220;4.23.1&#8243; _module_preset=&#8220;b327cbe4-b1d5-4b66-ad37-40c8f2f061ba&#8220; header_2_font=&#8220;|700|||||||&#8220; header_2_text_color=&#8220;#110603&#8243; header_2_font_size=&#8220;3em&#8220; header_2_line_height=&#8220;1.4em&#8220; custom_margin=&#8220;||10px||false|false&#8220; animation_style=&#8220;slide&#8220; animation_direction=&#8220;bottom&#8220; animation_delay=&#8220;100ms&#8220; header_2_font_size_tablet=&#8220;&#8220; header_2_font_size_phone=&#8220;1.5em&#8220; header_2_font_size_last_edited=&#8220;on|phone&#8220; locked=&#8220;off&#8220; global_colors_info=&#8220;{}&#8220; link_text_color__hover_enabled=&#8220;on|hover&#8220; link_text_color__hover=&#8220;#B7AE33&#8243;]<\/p>\n<h2>Rufen Sie uns an: <a href=\"tel:0035228800240\">(+352) 28 80 02 40<\/a><\/h2>\n<p>[\/et_pb_text][et_pb_button button_url=&#8220;@ET-DC@eyJkeW5hbWljIjp0cnVlLCJjb250ZW50IjoicG9zdF9saW5rX3VybF9wYWdlIiwic2V0dGluZ3MiOnsicG9zdF9pZCI6IjE3OCIsImVuYWJsZV9odG1sIjoib2ZmIn19@&#8220; button_text=&#8220;Senden Sie uns eine Nachricht&#8220; button_alignment=&#8220;left&#8220; _builder_version=&#8220;4.24.2&#8243; _dynamic_attributes=&#8220;button_url&#8220; _module_preset=&#8220;31b4f027-aaa0-4f2f-ae02-959764e19e4f&#8220; custom_button=&#8220;on&#8220; button_text_size=&#8220;14px&#8220; button_text_color=&#8220;#FBFAEF&#8220; button_bg_color=&#8220;#B7AE33&#8243; button_border_width=&#8220;0px&#8220; button_border_color=&#8220;RGBA(255,255,255,0)&#8220; button_border_radius=&#8220;0px&#8220; button_font=&#8220;|700||on|||||&#8220; button_use_icon=&#8220;off&#8220; custom_padding=&#8220;16px|24px|16px|24px|true|true&#8220; animation_style=&#8220;slide&#8220; animation_delay=&#8220;100ms&#8220; locked=&#8220;off&#8220; global_colors_info=&#8220;{}&#8220; button_text_color__hover=&#8220;#B7AE33&#8243; button_text_color__hover_enabled=&#8220;on|hover&#8220; button_bg_color__hover=&#8220;RGBA(255,255,255,0)&#8220; button_bg_color__hover_enabled=&#8220;on|hover&#8220; button_border_width__hover=&#8220;1px&#8220; button_border_width__hover_enabled=&#8220;on|hover&#8220; button_border_color__hover=&#8220;#B7AE33&#8243; button_border_color__hover_enabled=&#8220;on|hover&#8220;][\/et_pb_button][\/et_pb_column][et_pb_column type=&#8220;2_5&#8243; _builder_version=&#8220;4.17.6&#8243; _module_preset=&#8220;default&#8220; global_colors_info=&#8220;{}&#8220;][et_pb_image src=&#8220;http:\/\/wakeupstr.lu\/wp-content\/uploads\/2024\/03\/photo-wakeupshortrentals-callus.jpg&#8220; alt=&#8220;foto-wakeupshortrentals-callus&#8220; title_text=&#8220;foto-wakeupshortrentals-callus&#8220; _builder_version=&#8220;4.23.1&#8243; _module_preset=&#8220;default&#8220; animation_style=&#8220;slide&#8220; animation_direction=&#8220;right&#8220; animation_delay=&#8220;100ms&#8220; global_colors_info=&#8220;{}&#8220;][\/et_pb_image][\/et_pb_column][\/et_pb_row][\/et_pb_section]<\/p>\n","protected":false},"excerpt":{"rendered":"<p>wake up short term rentals Hausregeln1. Einchecken und Auschecken Check-in Zeit: 15:00 Uhr, keine Ausnahmen. Check-out-Zeit: 10:00 Uhr, keine Ausnahmen. Bitte respektieren Sie diesen Zeitplan, um die Reinigung zu erm\u00f6glichen. Es ist strengstens untersagt, eine andere als die Ihnen zum Zeitpunkt der Buchung zugewiesene Unterkunft zu betreten. Jede Unterkunft ist privat und einem bestimmten Gast [&hellip;]<\/p>\n","protected":false},"author":3,"featured_media":0,"parent":0,"menu_order":0,"comment_status":"closed","ping_status":"closed","template":"","meta":{"_et_pb_use_builder":"on","_et_pb_old_content":"","_et_gb_content_width":"","footnotes":""},"class_list":["post-1437","page","type-page","status-publish","hentry"],"_links":{"self":[{"href":"https:\/\/wakeupstr.lu\/de\/wp-json\/wp\/v2\/pages\/1437","targetHints":{"allow":["GET"]}}],"collection":[{"href":"https:\/\/wakeupstr.lu\/de\/wp-json\/wp\/v2\/pages"}],"about":[{"href":"https:\/\/wakeupstr.lu\/de\/wp-json\/wp\/v2\/types\/page"}],"author":[{"embeddable":true,"href":"https:\/\/wakeupstr.lu\/de\/wp-json\/wp\/v2\/users\/3"}],"replies":[{"embeddable":true,"href":"https:\/\/wakeupstr.lu\/de\/wp-json\/wp\/v2\/comments?post=1437"}],"version-history":[{"count":22,"href":"https:\/\/wakeupstr.lu\/de\/wp-json\/wp\/v2\/pages\/1437\/revisions"}],"predecessor-version":[{"id":3724,"href":"https:\/\/wakeupstr.lu\/de\/wp-json\/wp\/v2\/pages\/1437\/revisions\/3724"}],"wp:attachment":[{"href":"https:\/\/wakeupstr.lu\/de\/wp-json\/wp\/v2\/media?parent=1437"}],"curies":[{"name":"wp","href":"https:\/\/api.w.org\/{rel}","templated":true}]}}